{"id":5024,"date":"2021-03-29T15:41:37","date_gmt":"2021-03-29T13:41:37","guid":{"rendered":"https:\/\/www.lerouxlotz.com\/?page_id=5024"},"modified":"2023-08-22T11:49:48","modified_gmt":"2023-08-22T09:49:48","slug":"karriere","status":"publish","type":"page","link":"https:\/\/www.lerouxlotz.com\/de\/karriere\/","title":{"rendered":"Karriere"},"content":{"rendered":"\t\t<div data-elementor-type=\"wp-post\" data-elementor-id=\"5024\" class=\"elementor elementor-5024 elementor-400\" data-elementor-post-type=\"page\">\n\t\t\t\t\t\t<section class=\"elementor-section elementor-top-section elementor-element elementor-element-1c926a1 elementor-reverse-tablet elementor-reverse-mobile elementor-section-content-middle elementor-section-boxed elementor-section-height-default elementor-section-height-default\" data-id=\"1c926a1\" data-element_type=\"section\" data-e-type=\"section\">\n\t\t\t\t\t\t<div class=\"elementor-container elementor-column-gap-no\">\n\t\t\t\t\t<div class=\"aux-parallax-section elementor-column elementor-col-50 elementor-top-column elementor-element elementor-element-3dac403\" data-id=\"3dac403\" data-element_type=\"column\" data-e-type=\"column\">\n\t\t\t<div class=\"elementor-widget-wrap elementor-element-populated\">\n\t\t\t\t\t\t<div class=\"elementor-element elementor-element-19f9a2d elementor-widget elementor-widget-breadcrumbs\" data-id=\"19f9a2d\" data-element_type=\"widget\" data-e-type=\"widget\" data-widget_type=\"breadcrumbs.default\">\n\t\t\t\t<div class=\"elementor-widget-container\">\n\t\t\t\t\t<p id=\"breadcrumbs\"><span><span><a href=\"https:\/\/www.lerouxlotz.com\/\">Startseite<\/a><\/span><\/span><\/p>\t\t\t\t<\/div>\n\t\t\t\t<\/div>\n\t\t\t\t<div class=\"elementor-element elementor-element-795be29 aux-appear-watch-animation aux-fade-in-up elementor-widget elementor-widget-aux_modern_heading\" data-id=\"795be29\" data-element_type=\"widget\" data-e-type=\"widget\" data-widget_type=\"aux_modern_heading.default\">\n\t\t\t\t<div class=\"elementor-widget-container\">\n\t\t\t\t\t<section class=\"aux-widget-modern-heading\">\n            <div class=\"aux-widget-inner\"><div class=\"aux-modern-heading-divider\"><\/div><h2 class=\"aux-modern-heading-primary\">Leroux &amp; Lotz<\/h2><h1 class=\"aux-modern-heading-secondary\"><span class=\"aux-head-before\">Karriere<\/span><\/h1><div class=\"aux-modern-heading-description\"><p>Sie arbeiten mit enthusiastischen und engagierten Kollegen zusammen, die effektiv zusammenarbeiten, um den Erfolg von LLT sicherzustellen.<\/p><p>Unsere Aktivit\u00e4ten sind so organisiert, <strong>dass Sie die M\u00f6glichkeit haben, innovative und bef\u00e4higende Projekte zu entwickeln, aufzubauen und zu verwalten<\/strong>. Wir ermutigen Sie stets, Ihre Vision von Innovation einzubringen, begleiten Sie in Ihrer beruflichen Laufbahn <strong>und sorgen durch flexible Arbeitszeiten und Telearbeit f\u00fcr die Anerkennung Ihrer Leistung und die Vereinbarkeit von Berufs- und Privatleben<\/strong>.<\/p><p>Durch die Integration von LLT entdecken Sie neue Herausforderungen in einem im Projektmodus organisierten KMU in einem anregenden, <strong>flexiblen und schnellen Umfeld<\/strong>.<\/p><p>Wir f\u00f6rdern die interne Mobilit\u00e4t, damit unsere Mitarbeiter ihre Karrierem\u00f6glichkeiten erweitern und so unterschiedliche Positionen besetzen, sich in ihrem T\u00e4tigkeitsfeld weiterentwickeln oder sogar den Arbeitsplatz wechseln k\u00f6nnen. Alle unsere Angebote sind f\u00fcr alle Mitarbeiter zur gleichen Zeit und am gleichen Ort zug\u00e4nglich.<\/p><p>LLT verf\u00fcgt au\u00dferdem \u00fcber interne Trainer, die Teams bei unseren Technologien und Berechnungstools unterst\u00fctzen k\u00f6nnen, und hat au\u00dferdem eine Zuordnung seiner Technologien mit Referenzen f\u00fcr jede dieser Technologien erstellt. Das Ziel: den Wissens- und Erfahrungsaustausch zu erm\u00f6glichen, um die Weitergabe des erworbenen Fachwissens und Know-hows an alle Mitarbeiter sicherzustellen.<\/p><\/div><\/div>\n        <\/section>\t\t\t\t<\/div>\n\t\t\t\t<\/div>\n\t\t\t\t\t<\/div>\n\t\t<\/div>\n\t\t\t\t<div class=\"aux-parallax-section elementor-column elementor-col-50 elementor-top-column elementor-element elementor-element-e5385df\" data-id=\"e5385df\" data-element_type=\"column\" data-e-type=\"column\">\n\t\t\t<div class=\"elementor-widget-wrap elementor-element-populated\">\n\t\t\t\t\t\t<div class=\"elementor-element elementor-element-343b627 elementor-widget elementor-widget-image\" data-id=\"343b627\" data-element_type=\"widget\" data-e-type=\"widget\" data-widget_type=\"image.default\">\n\t\t\t\t<div class=\"elementor-widget-container\">\n\t\t\t\t\t\t\t\t\t\t\t\t\t\t\t<img fetchpriority=\"high\" decoding=\"async\" width=\"576\" height=\"768\" src=\"https:\/\/www.lerouxlotz.com\/wp-content\/uploads\/2023\/08\/Activites-de-services-leroux-et-lotz-1.jpg\" class=\"attachment-large size-large wp-image-27159\" alt=\"\" \/>\t\t\t\t\t\t\t\t\t\t\t\t\t\t\t<\/div>\n\t\t\t\t<\/div>\n\t\t\t\t\t<\/div>\n\t\t<\/div>\n\t\t\t\t\t<\/div>\n\t\t<\/section>\n\t\t\t\t<\/div>\n\t\t","protected":false},"excerpt":{"rendered":"<p>Leroux &amp; Lotz Karriere Sie arbeiten mit enthusiastischen und engagierten Kollegen zusammen, die effektiv zusammenarbeiten, um den Erfolg von LLT sicherzustellen. Unsere Aktivit\u00e4ten sind so organisiert, dass Sie die M\u00f6glichkeit haben, innovative und bef\u00e4higende Projekte zu entwickeln, aufzubauen und zu verwalten. Wir ermutigen Sie stets, Ihre Vision von Innovation einzubringen, begleiten Sie in Ihrer beruflichen [&hellip;]<\/p>\n","protected":false},"author":1,"featured_media":0,"parent":0,"menu_order":0,"comment_status":"closed","ping_status":"closed","template":"","meta":{"footnotes":""},"class_list":["post-5024","page","type-page","status-publish","hentry"],"yoast_head":"<!-- This site is optimized with the Yoast SEO plugin v27.5 - https:\/\/yoast.com\/product\/yoast-seo-wordpress\/ -->\n<title>Karriere - Leroux &amp; Lotz<\/title>\n<meta name=\"robots\" content=\"index, follow, max-snippet:-1, max-image-preview:large, max-video-preview:-1\" \/>\n<link rel=\"canonical\" href=\"https:\/\/www.lerouxlotz.com\/de\/karriere\/\" \/>\n<meta property=\"og:locale\" content=\"de_DE\" \/>\n<meta property=\"og:type\" content=\"article\" \/>\n<meta property=\"og:title\" content=\"Karriere - Leroux &amp; Lotz\" \/>\n<meta property=\"og:description\" content=\"Leroux &amp; Lotz Karriere Sie arbeiten mit enthusiastischen und engagierten Kollegen zusammen, die effektiv zusammenarbeiten, um den Erfolg von LLT sicherzustellen. Unsere Aktivit\u00e4ten sind so organisiert, dass Sie die M\u00f6glichkeit haben, innovative und bef\u00e4higende Projekte zu entwickeln, aufzubauen und zu verwalten. Wir ermutigen Sie stets, Ihre Vision von Innovation einzubringen, begleiten Sie in Ihrer beruflichen [&hellip;]\" \/>\n<meta property=\"og:url\" content=\"https:\/\/www.lerouxlotz.com\/de\/karriere\/\" \/>\n<meta property=\"og:site_name\" content=\"Leroux &amp; Lotz\" \/>\n<meta property=\"article:modified_time\" content=\"2023-08-22T09:49:48+00:00\" \/>\n<meta property=\"og:image\" content=\"https:\/\/www.lerouxlotz.com\/wp-content\/uploads\/2023\/08\/Activites-de-services-leroux-et-lotz-1.jpg\" \/>\n<meta name=\"twitter:card\" content=\"summary_large_image\" \/>\n<meta name=\"twitter:label1\" content=\"Gesch\u00e4tzte Lesezeit\" \/>\n\t<meta name=\"twitter:data1\" content=\"2\u00a0Minuten\" \/>\n<script type=\"application\/ld+json\" class=\"yoast-schema-graph\">{\"@context\":\"https:\\\/\\\/schema.org\",\"@graph\":[{\"@type\":\"WebPage\",\"@id\":\"https:\\\/\\\/www.lerouxlotz.com\\\/de\\\/karriere\\\/\",\"url\":\"https:\\\/\\\/www.lerouxlotz.com\\\/de\\\/karriere\\\/\",\"name\":\"Karriere - Leroux &amp; Lotz\",\"isPartOf\":{\"@id\":\"https:\\\/\\\/www.lerouxlotz.com\\\/#website\"},\"primaryImageOfPage\":{\"@id\":\"https:\\\/\\\/www.lerouxlotz.com\\\/de\\\/karriere\\\/#primaryimage\"},\"image\":{\"@id\":\"https:\\\/\\\/www.lerouxlotz.com\\\/de\\\/karriere\\\/#primaryimage\"},\"thumbnailUrl\":\"https:\\\/\\\/www.lerouxlotz.com\\\/wp-content\\\/uploads\\\/2023\\\/08\\\/Activites-de-services-leroux-et-lotz-1.jpg\",\"datePublished\":\"2021-03-29T13:41:37+00:00\",\"dateModified\":\"2023-08-22T09:49:48+00:00\",\"breadcrumb\":{\"@id\":\"https:\\\/\\\/www.lerouxlotz.com\\\/de\\\/karriere\\\/#breadcrumb\"},\"inLanguage\":\"de\",\"potentialAction\":[{\"@type\":\"ReadAction\",\"target\":[\"https:\\\/\\\/www.lerouxlotz.com\\\/de\\\/karriere\\\/\"]}]},{\"@type\":\"ImageObject\",\"inLanguage\":\"de\",\"@id\":\"https:\\\/\\\/www.lerouxlotz.com\\\/de\\\/karriere\\\/#primaryimage\",\"url\":\"https:\\\/\\\/www.lerouxlotz.com\\\/wp-content\\\/uploads\\\/2023\\\/08\\\/Activites-de-services-leroux-et-lotz-1.jpg\",\"contentUrl\":\"https:\\\/\\\/www.lerouxlotz.com\\\/wp-content\\\/uploads\\\/2023\\\/08\\\/Activites-de-services-leroux-et-lotz-1.jpg\"},{\"@type\":\"BreadcrumbList\",\"@id\":\"https:\\\/\\\/www.lerouxlotz.com\\\/de\\\/karriere\\\/#breadcrumb\",\"itemListElement\":[{\"@type\":\"ListItem\",\"position\":1,\"name\":\"Startseite\",\"item\":\"https:\\\/\\\/www.lerouxlotz.com\\\/\"},{\"@type\":\"ListItem\",\"position\":2,\"name\":\"Karriere\"}]},{\"@type\":\"WebSite\",\"@id\":\"https:\\\/\\\/www.lerouxlotz.com\\\/#website\",\"url\":\"https:\\\/\\\/www.lerouxlotz.com\\\/\",\"name\":\"Leroux &amp; Lotz\",\"description\":\"Creating Energy Solutions For The Future\",\"publisher\":{\"@id\":\"https:\\\/\\\/www.lerouxlotz.com\\\/#organization\"},\"potentialAction\":[{\"@type\":\"SearchAction\",\"target\":{\"@type\":\"EntryPoint\",\"urlTemplate\":\"https:\\\/\\\/www.lerouxlotz.com\\\/?s={search_term_string}\"},\"query-input\":{\"@type\":\"PropertyValueSpecification\",\"valueRequired\":true,\"valueName\":\"search_term_string\"}}],\"inLanguage\":\"de\"},{\"@type\":\"Organization\",\"@id\":\"https:\\\/\\\/www.lerouxlotz.com\\\/#organization\",\"name\":\"Leroux &amp; Lotz\",\"url\":\"https:\\\/\\\/www.lerouxlotz.com\\\/\",\"logo\":{\"@type\":\"ImageObject\",\"inLanguage\":\"de\",\"@id\":\"https:\\\/\\\/www.lerouxlotz.com\\\/#\\\/schema\\\/logo\\\/image\\\/\",\"url\":\"https:\\\/\\\/www.lerouxlotz.com\\\/wp-content\\\/uploads\\\/2026\\\/03\\\/Logo-LLT-blanc-fond-transparent.png\",\"contentUrl\":\"https:\\\/\\\/www.lerouxlotz.com\\\/wp-content\\\/uploads\\\/2026\\\/03\\\/Logo-LLT-blanc-fond-transparent.png\",\"width\":1513,\"height\":1432,\"caption\":\"Leroux &amp; Lotz\"},\"image\":{\"@id\":\"https:\\\/\\\/www.lerouxlotz.com\\\/#\\\/schema\\\/logo\\\/image\\\/\"}}]}<\/script>\n<!-- \/ Yoast SEO plugin. -->","yoast_head_json":{"title":"Karriere - Leroux &amp; Lotz","robots":{"index":"index","follow":"follow","max-snippet":"max-snippet:-1","max-image-preview":"max-image-preview:large","max-video-preview":"max-video-preview:-1"},"canonical":"https:\/\/www.lerouxlotz.com\/de\/karriere\/","og_locale":"de_DE","og_type":"article","og_title":"Karriere - Leroux &amp; Lotz","og_description":"Leroux &amp; Lotz Karriere Sie arbeiten mit enthusiastischen und engagierten Kollegen zusammen, die effektiv zusammenarbeiten, um den Erfolg von LLT sicherzustellen. Unsere Aktivit\u00e4ten sind so organisiert, dass Sie die M\u00f6glichkeit haben, innovative und bef\u00e4higende Projekte zu entwickeln, aufzubauen und zu verwalten. Wir ermutigen Sie stets, Ihre Vision von Innovation einzubringen, begleiten Sie in Ihrer beruflichen [&hellip;]","og_url":"https:\/\/www.lerouxlotz.com\/de\/karriere\/","og_site_name":"Leroux &amp; Lotz","article_modified_time":"2023-08-22T09:49:48+00:00","og_image":[{"url":"https:\/\/www.lerouxlotz.com\/wp-content\/uploads\/2023\/08\/Activites-de-services-leroux-et-lotz-1.jpg","type":"","width":"","height":""}],"twitter_card":"summary_large_image","twitter_misc":{"Gesch\u00e4tzte Lesezeit":"2\u00a0Minuten"},"schema":{"@context":"https:\/\/schema.org","@graph":[{"@type":"WebPage","@id":"https:\/\/www.lerouxlotz.com\/de\/karriere\/","url":"https:\/\/www.lerouxlotz.com\/de\/karriere\/","name":"Karriere - Leroux &amp; Lotz","isPartOf":{"@id":"https:\/\/www.lerouxlotz.com\/#website"},"primaryImageOfPage":{"@id":"https:\/\/www.lerouxlotz.com\/de\/karriere\/#primaryimage"},"image":{"@id":"https:\/\/www.lerouxlotz.com\/de\/karriere\/#primaryimage"},"thumbnailUrl":"https:\/\/www.lerouxlotz.com\/wp-content\/uploads\/2023\/08\/Activites-de-services-leroux-et-lotz-1.jpg","datePublished":"2021-03-29T13:41:37+00:00","dateModified":"2023-08-22T09:49:48+00:00","breadcrumb":{"@id":"https:\/\/www.lerouxlotz.com\/de\/karriere\/#breadcrumb"},"inLanguage":"de","potentialAction":[{"@type":"ReadAction","target":["https:\/\/www.lerouxlotz.com\/de\/karriere\/"]}]},{"@type":"ImageObject","inLanguage":"de","@id":"https:\/\/www.lerouxlotz.com\/de\/karriere\/#primaryimage","url":"https:\/\/www.lerouxlotz.com\/wp-content\/uploads\/2023\/08\/Activites-de-services-leroux-et-lotz-1.jpg","contentUrl":"https:\/\/www.lerouxlotz.com\/wp-content\/uploads\/2023\/08\/Activites-de-services-leroux-et-lotz-1.jpg"},{"@type":"BreadcrumbList","@id":"https:\/\/www.lerouxlotz.com\/de\/karriere\/#breadcrumb","itemListElement":[{"@type":"ListItem","position":1,"name":"Startseite","item":"https:\/\/www.lerouxlotz.com\/"},{"@type":"ListItem","position":2,"name":"Karriere"}]},{"@type":"WebSite","@id":"https:\/\/www.lerouxlotz.com\/#website","url":"https:\/\/www.lerouxlotz.com\/","name":"Leroux &amp; Lotz","description":"Creating Energy Solutions For The Future","publisher":{"@id":"https:\/\/www.lerouxlotz.com\/#organization"},"potentialAction":[{"@type":"SearchAction","target":{"@type":"EntryPoint","urlTemplate":"https:\/\/www.lerouxlotz.com\/?s={search_term_string}"},"query-input":{"@type":"PropertyValueSpecification","valueRequired":true,"valueName":"search_term_string"}}],"inLanguage":"de"},{"@type":"Organization","@id":"https:\/\/www.lerouxlotz.com\/#organization","name":"Leroux &amp; Lotz","url":"https:\/\/www.lerouxlotz.com\/","logo":{"@type":"ImageObject","inLanguage":"de","@id":"https:\/\/www.lerouxlotz.com\/#\/schema\/logo\/image\/","url":"https:\/\/www.lerouxlotz.com\/wp-content\/uploads\/2026\/03\/Logo-LLT-blanc-fond-transparent.png","contentUrl":"https:\/\/www.lerouxlotz.com\/wp-content\/uploads\/2026\/03\/Logo-LLT-blanc-fond-transparent.png","width":1513,"height":1432,"caption":"Leroux &amp; Lotz"},"image":{"@id":"https:\/\/www.lerouxlotz.com\/#\/schema\/logo\/image\/"}}]}},"_links":{"self":[{"href":"https:\/\/www.lerouxlotz.com\/de\/wp-json\/wp\/v2\/pages\/5024","targetHints":{"allow":["GET"]}}],"collection":[{"href":"https:\/\/www.lerouxlotz.com\/de\/wp-json\/wp\/v2\/pages"}],"about":[{"href":"https:\/\/www.lerouxlotz.com\/de\/wp-json\/wp\/v2\/types\/page"}],"author":[{"embeddable":true,"href":"https:\/\/www.lerouxlotz.com\/de\/wp-json\/wp\/v2\/users\/1"}],"replies":[{"embeddable":true,"href":"https:\/\/www.lerouxlotz.com\/de\/wp-json\/wp\/v2\/comments?post=5024"}],"version-history":[{"count":16,"href":"https:\/\/www.lerouxlotz.com\/de\/wp-json\/wp\/v2\/pages\/5024\/revisions"}],"predecessor-version":[{"id":27164,"href":"https:\/\/www.lerouxlotz.com\/de\/wp-json\/wp\/v2\/pages\/5024\/revisions\/27164"}],"wp:attachment":[{"href":"https:\/\/www.lerouxlotz.com\/de\/wp-json\/wp\/v2\/media?parent=5024"}],"curies":[{"name":"wp","href":"https:\/\/api.w.org\/{rel}","templated":true}]}}