{"id":5004,"date":"2021-03-29T15:07:20","date_gmt":"2021-03-29T13:07:20","guid":{"rendered":"https:\/\/www.lerouxlotz.com\/?page_id=5004"},"modified":"2024-01-29T02:54:05","modified_gmt":"2024-01-29T01:54:05","slug":"serviceleistungen","status":"publish","type":"page","link":"https:\/\/www.lerouxlotz.com\/de\/unsere-taetigkeitsbereiche\/serviceleistungen\/","title":{"rendered":"Serviceleistungen"},"content":{"rendered":"\t\t<div data-elementor-type=\"wp-post\" data-elementor-id=\"5004\" class=\"elementor elementor-5004 elementor-452\" data-elementor-post-type=\"page\">\n\t\t\t\t\t\t<section class=\"elementor-section elementor-top-section elementor-element elementor-element-ead63ea elementor-section-boxed elementor-section-height-default elementor-section-height-default\" data-id=\"ead63ea\" data-element_type=\"section\" data-e-type=\"section\">\n\t\t\t\t\t\t<div class=\"elementor-container elementor-column-gap-default\">\n\t\t\t\t\t<div class=\"aux-parallax-section elementor-column elementor-col-50 elementor-top-column elementor-element elementor-element-f9880d2\" data-id=\"f9880d2\" data-element_type=\"column\" data-e-type=\"column\">\n\t\t\t<div class=\"elementor-widget-wrap elementor-element-populated\">\n\t\t\t\t\t\t<div class=\"elementor-element elementor-element-f515f70 elementor-widget elementor-widget-breadcrumbs\" data-id=\"f515f70\" data-element_type=\"widget\" data-e-type=\"widget\" data-widget_type=\"breadcrumbs.default\">\n\t\t\t\t<div class=\"elementor-widget-container\">\n\t\t\t\t\t<p id=\"breadcrumbs\"><span><span><a href=\"https:\/\/www.lerouxlotz.com\/\">Startseite<\/a><\/span><\/span><\/p>\t\t\t\t<\/div>\n\t\t\t\t<\/div>\n\t\t\t\t<div class=\"elementor-element elementor-element-e56b624 aux-appear-watch-animation aux-fade-in-up elementor-widget elementor-widget-aux_modern_heading\" data-id=\"e56b624\" data-element_type=\"widget\" data-e-type=\"widget\" data-widget_type=\"aux_modern_heading.default\">\n\t\t\t\t<div class=\"elementor-widget-container\">\n\t\t\t\t\t<section class=\"aux-widget-modern-heading\">\n            <div class=\"aux-widget-inner\"><div class=\"aux-modern-heading-divider\"><\/div><p class=\"aux-modern-heading-primary\">Leroux &amp; Lotz<\/p><h1 class=\"aux-modern-heading-secondary\"><span class=\"aux-head-before\">Unsere Service-Aktivit\u00e4ten<\/span><\/h1><div class=\"aux-modern-heading-description\"><p>Dank unserem Know-hows als marktf\u00fchrender Konstrukteur und Planer von Heizkraftwerken mit festen Brennstoffen in Frankreich k\u00f6nnen wir von Leroux &amp; Lotz Technologies Sie mit unseren Experten unterst\u00fctzen:<\/p><ul><li>Im Rahmen Ihrer <strong>Vorprojekte<\/strong> :<ul><li>In Form einer Zusammenarbeit bei der Vorstudie und Detailstudie eines Neu- oder Revamping-Projekts.<\/li><li>Die Durchf\u00fchrung von 3D-Aufnahmen zur Validierung Ihrer Aufstellungspl\u00e4ne.<\/li><\/ul><\/li><li>Bei der <strong>Modernisierung von Steuerungssystemen (Sicherheits- und Steuerungsautomatik)<\/strong> unter Einhaltung der Vorschriften der Druckbeh\u00e4lterrichtlinie mit HAZOP\/SIL-Review, Sicherheitsmatrizen und detaillierten Funktionsanalysen sowie der Entwicklung von Automatisierungs- und \u00dcberwachungssystemen mit den Ingenieuren und Automatisierungsspezialisten von Leroux &amp; Lotz Technologies.<\/li><li>Durch die <strong>technische Expertise von Smart Performance<\/strong> :<\/li><\/ul><p><a href=\"https:\/\/www.lerouxlotz.com\/wp-content\/uploads\/2024\/01\/DUT-WHITEBG.svg\"><img fetchpriority=\"high\" decoding=\"async\" class=\"alignnone size-full wp-image-29457\" src=\"https:\/\/www.lerouxlotz.com\/wp-content\/uploads\/2024\/01\/DUT-WHITEBG.svg\" alt=\"\" width=\"793\" height=\"793\" \/><\/a><\/p><ul><li>Die <strong>Betriebsoptimierung<\/strong> Ihrer Feuerungs-, Dampfkessel-und Rauchgasbehandlungsanlagen, um Ihre Ziele zu erreichen...<ul><li>\u00dcbereinstimmung Ihrer Anlagen mit den immer strengeren Emissionsgrenzwerten;<\/li><li>Verbesserung der Energieeffizienz und Maximierung der verwerteten Abfallmenge ;<\/li><li>Maximieren der Verf\u00fcgbarkeit Ihrer Anlagen ;<\/li><li>Minimieren der Kosten f\u00fcr die laufende Instandhaltung.<\/li><\/ul><\/li><li>... \u00fcber das <strong>methodische Vorgehen<\/strong> unserer Abteilung Smart Performance :<ul><li>Leistungs\u00fcberpr\u00fcfung ;<\/li><li>Modellierung der Energie- und W\u00e4rmefl\u00fcsse des Kraftwerks zur Identifizierung von Energieverlusten ;<\/li><li>Definition und Feintuning von optimierten Regelalgorithmen f\u00fcr die Feuerung und den Wasser-Dampf-Kreislauf ;<\/li><li>Betriebsschulung in Prozessf\u00fchrung und vorbeugender Wartung ;<\/li><li>Erstellen von nach Verbesserungskonzepten mit ausgezeichneter Anlagenrendite.<\/li><\/ul><\/li><\/ul><p>Mehrj\u00e4hrige Vertr\u00e4ge zur Unterst\u00fctzung und \u00dcberwachung des Prozesses, um die Leistung nachhaltig zu maximieren, mit Verg\u00fctung der Leistungen bei Erreichen der festgelegten Leistungsindikatoren.<\/p><p>Fehlerbehebung durch Remotezugang.<\/p><p>Sie vertrauen auf Smart Performance: Veolia, Suez, Engie, Albioma, Dalkia, Idex, Urbaser, INOVA, Coriance, Cristal Union...<\/p><ul><li>L\u00f6sung zur <strong>intelligenten Steuerung von Heizkraftwerken<\/strong> :<ul><li>Die Partnerschaft zwischen Leroux &amp; Lotz Technologies und Purecontrol bringt MetisIA hervor, einen zuverl\u00e4ssigen, leistungsstarken und in der Industrie bew\u00e4hrten KI-Baustein, der das Hersteller-Know-how von Leroux &amp; Lotz Technologies mit der Expertise von Purecontrol im Bereich der pr\u00e4diktiven Echtzeitsteuerung verbindet.<\/li><\/ul><\/li><\/ul><p><a href=\"https:\/\/www.lerouxlotz.com\/wp-content\/uploads\/2024\/01\/DUT-WHITEBG-1.svg\"><img decoding=\"async\" class=\"alignnone size-full wp-image-29460\" src=\"https:\/\/www.lerouxlotz.com\/wp-content\/uploads\/2024\/01\/DUT-WHITEBG-1.svg\" alt=\"\" width=\"800\" height=\"800\" \/><\/a><\/p><p>\u00a0<\/p><ul><li>MetisIA geht \u00fcber herk\u00f6mmliche fortschrittliche Kontrollsysteme hinaus, um die Leistung von Heizkraftwerken zu optimieren. Dazu st\u00fctzt sie sich auf eine Schl\u00fcsselkompetenz in Bezug auf :<ul><li>die Vorhersage des Bedarfs<\/li><li>die Antizipation von St\u00f6rungen<\/li><li>die Erkennung von Anomalien<\/li><\/ul><\/li><li>MetisIA l\u00e4sst sich vollst\u00e4ndig, <strong>ohne \u00c4nderungen an bestehenden Automatisierungssystemen<\/strong> und ohne zus\u00e4tzliche Hardware vor Ort integrieren, wobei eine <strong>einwandfreie Betriebskontinuit\u00e4t<\/strong> gew\u00e4hrleistet bleibt.<ul><li>Stabilisierung der Produktion und Verbesserung der Verarbeitung ;<\/li><li>Erh\u00f6hung der Verf\u00fcgbarkeit ;<\/li><li>Verbesserung der Energieeffizienz :<\/li><li>Verringerung des Verbrauchs von Hilfsmitteln ;<\/li><li>Verringerung der Umweltbelastung.<\/li><\/ul><\/li><li><strong>Kundenservice <\/strong>f\u00fcr Ihre Anlagen :<ul><li>Begleitung bei der Erstellung eines Wartungsplans ;<\/li><li>Verkauf von Ersatzteilen ;<\/li><li>Organisation von mechanischen Ma\u00dfnahmen an Ihren Betriebsst\u00e4tten.<\/li><\/ul><\/li><\/ul><\/div><\/div>\n        <\/section>\t\t\t\t<\/div>\n\t\t\t\t<\/div>\n\t\t\t\t\t<\/div>\n\t\t<\/div>\n\t\t\t\t<div class=\"aux-parallax-section elementor-column elementor-col-50 elementor-top-column elementor-element elementor-element-b7daa65\" data-id=\"b7daa65\" data-element_type=\"column\" data-e-type=\"column\">\n\t\t\t<div class=\"elementor-widget-wrap elementor-element-populated\">\n\t\t\t\t\t\t<div class=\"elementor-element elementor-element-37553ef elementor-widget elementor-widget-image\" data-id=\"37553ef\" data-element_type=\"widget\" data-e-type=\"widget\" data-widget_type=\"image.default\">\n\t\t\t\t<div class=\"elementor-widget-container\">\n\t\t\t\t\t\t\t\t\t\t\t\t\t\t\t<img decoding=\"async\" width=\"800\" height=\"800\" src=\"https:\/\/www.lerouxlotz.com\/wp-content\/uploads\/2024\/01\/EN-BLACKBG-1.png\" class=\"attachment-large size-large wp-image-29479\" alt=\"\" srcset=\"https:\/\/www.lerouxlotz.com\/wp-content\/uploads\/2024\/01\/EN-BLACKBG-1.png 800w, https:\/\/www.lerouxlotz.com\/wp-content\/uploads\/2024\/01\/EN-BLACKBG-1-300x300.png 300w, https:\/\/www.lerouxlotz.com\/wp-content\/uploads\/2024\/01\/EN-BLACKBG-1-150x150.png 150w, https:\/\/www.lerouxlotz.com\/wp-content\/uploads\/2024\/01\/EN-BLACKBG-1-768x768.png 768w\" sizes=\"(max-width: 800px) 100vw, 800px\" \/>\t\t\t\t\t\t\t\t\t\t\t\t\t\t\t<\/div>\n\t\t\t\t<\/div>\n\t\t\t\t<div class=\"elementor-element elementor-element-e5bbaf7 elementor-widget elementor-widget-image\" data-id=\"e5bbaf7\" data-element_type=\"widget\" data-e-type=\"widget\" data-widget_type=\"image.default\">\n\t\t\t\t<div class=\"elementor-widget-container\">\n\t\t\t\t\t\t\t\t\t\t\t\t\t\t\t<img loading=\"lazy\" decoding=\"async\" width=\"576\" height=\"768\" src=\"https:\/\/www.lerouxlotz.com\/wp-content\/uploads\/2020\/10\/Activites-de-services-leroux-et-lotz.jpg\" class=\"attachment-large size-large wp-image-5008\" alt=\"\" \/>\t\t\t\t\t\t\t\t\t\t\t\t\t\t\t<\/div>\n\t\t\t\t<\/div>\n\t\t\t\t\t<\/div>\n\t\t<\/div>\n\t\t\t\t\t<\/div>\n\t\t<\/section>\n\t\t\t\t<\/div>\n\t\t","protected":false},"excerpt":{"rendered":"<p>Leroux &amp; Lotz Unsere Service-Aktivit\u00e4ten Dank unserem Know-hows als marktf\u00fchrender Konstrukteur und Planer von Heizkraftwerken mit festen Brennstoffen in Frankreich k\u00f6nnen wir von Leroux &amp; Lotz Technologies Sie mit unseren Experten unterst\u00fctzen: Im Rahmen Ihrer Vorprojekte : In Form einer Zusammenarbeit bei der Vorstudie und Detailstudie eines Neu- oder Revamping-Projekts. Die Durchf\u00fchrung von 3D-Aufnahmen zur [&hellip;]<\/p>\n","protected":false},"author":1,"featured_media":0,"parent":4984,"menu_order":0,"comment_status":"closed","ping_status":"closed","template":"","meta":{"footnotes":""},"class_list":["post-5004","page","type-page","status-publish","hentry"],"yoast_head":"<!-- This site is optimized with the Yoast SEO plugin v27.4 - https:\/\/yoast.com\/product\/yoast-seo-wordpress\/ -->\n<title>Serviceleistungen - Leroux &amp; Lotz<\/title>\n<meta name=\"robots\" content=\"index, follow, max-snippet:-1, max-image-preview:large, max-video-preview:-1\" \/>\n<link rel=\"canonical\" href=\"https:\/\/www.lerouxlotz.com\/de\/unsere-taetigkeitsbereiche\/serviceleistungen\/\" \/>\n<meta property=\"og:locale\" content=\"de_DE\" \/>\n<meta property=\"og:type\" content=\"article\" \/>\n<meta property=\"og:title\" content=\"Serviceleistungen - Leroux &amp; Lotz\" \/>\n<meta property=\"og:description\" content=\"Leroux &amp; Lotz Unsere Service-Aktivit\u00e4ten Dank unserem Know-hows als marktf\u00fchrender Konstrukteur und Planer von Heizkraftwerken mit festen Brennstoffen in Frankreich k\u00f6nnen wir von Leroux &amp; Lotz Technologies Sie mit unseren Experten unterst\u00fctzen: Im Rahmen Ihrer Vorprojekte : In Form einer Zusammenarbeit bei der Vorstudie und Detailstudie eines Neu- oder Revamping-Projekts. Die Durchf\u00fchrung von 3D-Aufnahmen zur [&hellip;]\" \/>\n<meta property=\"og:url\" content=\"https:\/\/www.lerouxlotz.com\/de\/unsere-taetigkeitsbereiche\/serviceleistungen\/\" \/>\n<meta property=\"og:site_name\" content=\"Leroux &amp; Lotz\" \/>\n<meta property=\"article:modified_time\" content=\"2024-01-29T01:54:05+00:00\" \/>\n<meta property=\"og:image\" content=\"https:\/\/www.lerouxlotz.com\/wp-content\/uploads\/2024\/01\/DUT-WHITEBG.svg\" \/>\n<meta name=\"twitter:card\" content=\"summary_large_image\" \/>\n<meta name=\"twitter:label1\" content=\"Gesch\u00e4tzte Lesezeit\" \/>\n\t<meta name=\"twitter:data1\" content=\"3\u00a0Minuten\" \/>\n<script type=\"application\/ld+json\" class=\"yoast-schema-graph\">{\"@context\":\"https:\\\/\\\/schema.org\",\"@graph\":[{\"@type\":\"WebPage\",\"@id\":\"https:\\\/\\\/www.lerouxlotz.com\\\/de\\\/unsere-taetigkeitsbereiche\\\/serviceleistungen\\\/\",\"url\":\"https:\\\/\\\/www.lerouxlotz.com\\\/de\\\/unsere-taetigkeitsbereiche\\\/serviceleistungen\\\/\",\"name\":\"Serviceleistungen - Leroux &amp; Lotz\",\"isPartOf\":{\"@id\":\"https:\\\/\\\/www.lerouxlotz.com\\\/#website\"},\"primaryImageOfPage\":{\"@id\":\"https:\\\/\\\/www.lerouxlotz.com\\\/de\\\/unsere-taetigkeitsbereiche\\\/serviceleistungen\\\/#primaryimage\"},\"image\":{\"@id\":\"https:\\\/\\\/www.lerouxlotz.com\\\/de\\\/unsere-taetigkeitsbereiche\\\/serviceleistungen\\\/#primaryimage\"},\"thumbnailUrl\":\"https:\\\/\\\/www.lerouxlotz.com\\\/wp-content\\\/uploads\\\/2024\\\/01\\\/DUT-WHITEBG.svg\",\"datePublished\":\"2021-03-29T13:07:20+00:00\",\"dateModified\":\"2024-01-29T01:54:05+00:00\",\"breadcrumb\":{\"@id\":\"https:\\\/\\\/www.lerouxlotz.com\\\/de\\\/unsere-taetigkeitsbereiche\\\/serviceleistungen\\\/#breadcrumb\"},\"inLanguage\":\"de\",\"potentialAction\":[{\"@type\":\"ReadAction\",\"target\":[\"https:\\\/\\\/www.lerouxlotz.com\\\/de\\\/unsere-taetigkeitsbereiche\\\/serviceleistungen\\\/\"]}]},{\"@type\":\"ImageObject\",\"inLanguage\":\"de\",\"@id\":\"https:\\\/\\\/www.lerouxlotz.com\\\/de\\\/unsere-taetigkeitsbereiche\\\/serviceleistungen\\\/#primaryimage\",\"url\":\"https:\\\/\\\/www.lerouxlotz.com\\\/wp-content\\\/uploads\\\/2024\\\/01\\\/DUT-WHITEBG.svg\",\"contentUrl\":\"https:\\\/\\\/www.lerouxlotz.com\\\/wp-content\\\/uploads\\\/2024\\\/01\\\/DUT-WHITEBG.svg\"},{\"@type\":\"BreadcrumbList\",\"@id\":\"https:\\\/\\\/www.lerouxlotz.com\\\/de\\\/unsere-taetigkeitsbereiche\\\/serviceleistungen\\\/#breadcrumb\",\"itemListElement\":[{\"@type\":\"ListItem\",\"position\":1,\"name\":\"Startseite\",\"item\":\"https:\\\/\\\/www.lerouxlotz.com\\\/\"},{\"@type\":\"ListItem\",\"position\":2,\"name\":\"Unsere T\u00e4tigkeitsbereiche\",\"item\":\"https:\\\/\\\/www.lerouxlotz.com\\\/de\\\/unsere-taetigkeitsbereiche\\\/\"},{\"@type\":\"ListItem\",\"position\":3,\"name\":\"Serviceleistungen\"}]},{\"@type\":\"WebSite\",\"@id\":\"https:\\\/\\\/www.lerouxlotz.com\\\/#website\",\"url\":\"https:\\\/\\\/www.lerouxlotz.com\\\/\",\"name\":\"Leroux &amp; Lotz\",\"description\":\"Creating Energy Solutions For The Future\",\"publisher\":{\"@id\":\"https:\\\/\\\/www.lerouxlotz.com\\\/#organization\"},\"potentialAction\":[{\"@type\":\"SearchAction\",\"target\":{\"@type\":\"EntryPoint\",\"urlTemplate\":\"https:\\\/\\\/www.lerouxlotz.com\\\/?s={search_term_string}\"},\"query-input\":{\"@type\":\"PropertyValueSpecification\",\"valueRequired\":true,\"valueName\":\"search_term_string\"}}],\"inLanguage\":\"de\"},{\"@type\":\"Organization\",\"@id\":\"https:\\\/\\\/www.lerouxlotz.com\\\/#organization\",\"name\":\"Leroux &amp; Lotz\",\"url\":\"https:\\\/\\\/www.lerouxlotz.com\\\/\",\"logo\":{\"@type\":\"ImageObject\",\"inLanguage\":\"de\",\"@id\":\"https:\\\/\\\/www.lerouxlotz.com\\\/#\\\/schema\\\/logo\\\/image\\\/\",\"url\":\"https:\\\/\\\/www.lerouxlotz.com\\\/wp-content\\\/uploads\\\/2026\\\/03\\\/Logo-LLT-blanc-fond-transparent.png\",\"contentUrl\":\"https:\\\/\\\/www.lerouxlotz.com\\\/wp-content\\\/uploads\\\/2026\\\/03\\\/Logo-LLT-blanc-fond-transparent.png\",\"width\":1513,\"height\":1432,\"caption\":\"Leroux &amp; Lotz\"},\"image\":{\"@id\":\"https:\\\/\\\/www.lerouxlotz.com\\\/#\\\/schema\\\/logo\\\/image\\\/\"}}]}<\/script>\n<!-- \/ Yoast SEO plugin. -->","yoast_head_json":{"title":"Serviceleistungen - Leroux &amp; Lotz","robots":{"index":"index","follow":"follow","max-snippet":"max-snippet:-1","max-image-preview":"max-image-preview:large","max-video-preview":"max-video-preview:-1"},"canonical":"https:\/\/www.lerouxlotz.com\/de\/unsere-taetigkeitsbereiche\/serviceleistungen\/","og_locale":"de_DE","og_type":"article","og_title":"Serviceleistungen - Leroux &amp; Lotz","og_description":"Leroux &amp; Lotz Unsere Service-Aktivit\u00e4ten Dank unserem Know-hows als marktf\u00fchrender Konstrukteur und Planer von Heizkraftwerken mit festen Brennstoffen in Frankreich k\u00f6nnen wir von Leroux &amp; Lotz Technologies Sie mit unseren Experten unterst\u00fctzen: Im Rahmen Ihrer Vorprojekte : In Form einer Zusammenarbeit bei der Vorstudie und Detailstudie eines Neu- oder Revamping-Projekts. Die Durchf\u00fchrung von 3D-Aufnahmen zur [&hellip;]","og_url":"https:\/\/www.lerouxlotz.com\/de\/unsere-taetigkeitsbereiche\/serviceleistungen\/","og_site_name":"Leroux &amp; Lotz","article_modified_time":"2024-01-29T01:54:05+00:00","og_image":[{"url":"https:\/\/www.lerouxlotz.com\/wp-content\/uploads\/2024\/01\/DUT-WHITEBG.svg","type":"","width":"","height":""}],"twitter_card":"summary_large_image","twitter_misc":{"Gesch\u00e4tzte Lesezeit":"3\u00a0Minuten"},"schema":{"@context":"https:\/\/schema.org","@graph":[{"@type":"WebPage","@id":"https:\/\/www.lerouxlotz.com\/de\/unsere-taetigkeitsbereiche\/serviceleistungen\/","url":"https:\/\/www.lerouxlotz.com\/de\/unsere-taetigkeitsbereiche\/serviceleistungen\/","name":"Serviceleistungen - Leroux &amp; Lotz","isPartOf":{"@id":"https:\/\/www.lerouxlotz.com\/#website"},"primaryImageOfPage":{"@id":"https:\/\/www.lerouxlotz.com\/de\/unsere-taetigkeitsbereiche\/serviceleistungen\/#primaryimage"},"image":{"@id":"https:\/\/www.lerouxlotz.com\/de\/unsere-taetigkeitsbereiche\/serviceleistungen\/#primaryimage"},"thumbnailUrl":"https:\/\/www.lerouxlotz.com\/wp-content\/uploads\/2024\/01\/DUT-WHITEBG.svg","datePublished":"2021-03-29T13:07:20+00:00","dateModified":"2024-01-29T01:54:05+00:00","breadcrumb":{"@id":"https:\/\/www.lerouxlotz.com\/de\/unsere-taetigkeitsbereiche\/serviceleistungen\/#breadcrumb"},"inLanguage":"de","potentialAction":[{"@type":"ReadAction","target":["https:\/\/www.lerouxlotz.com\/de\/unsere-taetigkeitsbereiche\/serviceleistungen\/"]}]},{"@type":"ImageObject","inLanguage":"de","@id":"https:\/\/www.lerouxlotz.com\/de\/unsere-taetigkeitsbereiche\/serviceleistungen\/#primaryimage","url":"https:\/\/www.lerouxlotz.com\/wp-content\/uploads\/2024\/01\/DUT-WHITEBG.svg","contentUrl":"https:\/\/www.lerouxlotz.com\/wp-content\/uploads\/2024\/01\/DUT-WHITEBG.svg"},{"@type":"BreadcrumbList","@id":"https:\/\/www.lerouxlotz.com\/de\/unsere-taetigkeitsbereiche\/serviceleistungen\/#breadcrumb","itemListElement":[{"@type":"ListItem","position":1,"name":"Startseite","item":"https:\/\/www.lerouxlotz.com\/"},{"@type":"ListItem","position":2,"name":"Unsere T\u00e4tigkeitsbereiche","item":"https:\/\/www.lerouxlotz.com\/de\/unsere-taetigkeitsbereiche\/"},{"@type":"ListItem","position":3,"name":"Serviceleistungen"}]},{"@type":"WebSite","@id":"https:\/\/www.lerouxlotz.com\/#website","url":"https:\/\/www.lerouxlotz.com\/","name":"Leroux &amp; Lotz","description":"Creating Energy Solutions For The Future","publisher":{"@id":"https:\/\/www.lerouxlotz.com\/#organization"},"potentialAction":[{"@type":"SearchAction","target":{"@type":"EntryPoint","urlTemplate":"https:\/\/www.lerouxlotz.com\/?s={search_term_string}"},"query-input":{"@type":"PropertyValueSpecification","valueRequired":true,"valueName":"search_term_string"}}],"inLanguage":"de"},{"@type":"Organization","@id":"https:\/\/www.lerouxlotz.com\/#organization","name":"Leroux &amp; Lotz","url":"https:\/\/www.lerouxlotz.com\/","logo":{"@type":"ImageObject","inLanguage":"de","@id":"https:\/\/www.lerouxlotz.com\/#\/schema\/logo\/image\/","url":"https:\/\/www.lerouxlotz.com\/wp-content\/uploads\/2026\/03\/Logo-LLT-blanc-fond-transparent.png","contentUrl":"https:\/\/www.lerouxlotz.com\/wp-content\/uploads\/2026\/03\/Logo-LLT-blanc-fond-transparent.png","width":1513,"height":1432,"caption":"Leroux &amp; Lotz"},"image":{"@id":"https:\/\/www.lerouxlotz.com\/#\/schema\/logo\/image\/"}}]}},"_links":{"self":[{"href":"https:\/\/www.lerouxlotz.com\/de\/wp-json\/wp\/v2\/pages\/5004","targetHints":{"allow":["GET"]}}],"collection":[{"href":"https:\/\/www.lerouxlotz.com\/de\/wp-json\/wp\/v2\/pages"}],"about":[{"href":"https:\/\/www.lerouxlotz.com\/de\/wp-json\/wp\/v2\/types\/page"}],"author":[{"embeddable":true,"href":"https:\/\/www.lerouxlotz.com\/de\/wp-json\/wp\/v2\/users\/1"}],"replies":[{"embeddable":true,"href":"https:\/\/www.lerouxlotz.com\/de\/wp-json\/wp\/v2\/comments?post=5004"}],"version-history":[{"count":18,"href":"https:\/\/www.lerouxlotz.com\/de\/wp-json\/wp\/v2\/pages\/5004\/revisions"}],"predecessor-version":[{"id":29485,"href":"https:\/\/www.lerouxlotz.com\/de\/wp-json\/wp\/v2\/pages\/5004\/revisions\/29485"}],"up":[{"embeddable":true,"href":"https:\/\/www.lerouxlotz.com\/de\/wp-json\/wp\/v2\/pages\/4984"}],"wp:attachment":[{"href":"https:\/\/www.lerouxlotz.com\/de\/wp-json\/wp\/v2\/media?parent=5004"}],"curies":[{"name":"wp","href":"https:\/\/api.w.org\/{rel}","templated":true}]}}