{"id":27193,"date":"2023-08-22T12:04:25","date_gmt":"2023-08-22T10:04:25","guid":{"rendered":"https:\/\/www.lerouxlotz.com\/?page_id=27193"},"modified":"2023-08-22T12:05:37","modified_gmt":"2023-08-22T10:05:37","slug":"komm-schliesse-dich-uns-an","status":"publish","type":"page","link":"https:\/\/www.lerouxlotz.com\/de\/karriere\/komm-schliesse-dich-uns-an\/","title":{"rendered":"Komm, schlie\u00dfe dich uns an"},"content":{"rendered":"\t\t<div data-elementor-type=\"wp-post\" data-elementor-id=\"27193\" class=\"elementor elementor-27193 elementor-27183\" data-elementor-post-type=\"page\">\n\t\t\t\t\t\t<section class=\"elementor-section elementor-top-section elementor-element elementor-element-72dc777 elementor-reverse-tablet elementor-reverse-mobile elementor-section-content-middle elementor-section-boxed elementor-section-height-default elementor-section-height-default\" data-id=\"72dc777\" data-element_type=\"section\" data-e-type=\"section\">\n\t\t\t\t\t\t<div class=\"elementor-container elementor-column-gap-no\">\n\t\t\t\t\t<div class=\"aux-parallax-section elementor-column elementor-col-100 elementor-top-column elementor-element elementor-element-126a4d5\" data-id=\"126a4d5\" data-element_type=\"column\" data-e-type=\"column\">\n\t\t\t<div class=\"elementor-widget-wrap elementor-element-populated\">\n\t\t\t\t\t\t<div class=\"elementor-element elementor-element-ddbcf7f elementor-widget elementor-widget-breadcrumbs\" data-id=\"ddbcf7f\" data-element_type=\"widget\" data-e-type=\"widget\" data-widget_type=\"breadcrumbs.default\">\n\t\t\t\t<div class=\"elementor-widget-container\">\n\t\t\t\t\t<p id=\"breadcrumbs\"><span><span><a href=\"https:\/\/www.lerouxlotz.com\/\">Startseite<\/a><\/span><\/span><\/p>\t\t\t\t<\/div>\n\t\t\t\t<\/div>\n\t\t\t\t<div class=\"elementor-element elementor-element-e56b624 aux-appear-watch-animation aux-fade-in-up elementor-widget elementor-widget-aux_modern_heading\" data-id=\"e56b624\" data-element_type=\"widget\" data-e-type=\"widget\" data-widget_type=\"aux_modern_heading.default\">\n\t\t\t\t<div class=\"elementor-widget-container\">\n\t\t\t\t\t<section class=\"aux-widget-modern-heading\">\n            <div class=\"aux-widget-inner\"><div class=\"aux-modern-heading-divider\"><\/div><h2 class=\"aux-modern-heading-primary\">Karriere<\/h2><h1 class=\"aux-modern-heading-secondary\"><span class=\"aux-head-before\">Komm, schlie\u00dfe dich uns an<\/span><\/h1><\/div>\n        <\/section>\t\t\t\t<\/div>\n\t\t\t\t<\/div>\n\t\t\t\t<div class=\"elementor-element elementor-element-405f098 aux-appear-watch-animation aux-fade-in-up elementor-widget elementor-widget-aux_modern_heading\" data-id=\"405f098\" data-element_type=\"widget\" data-e-type=\"widget\" data-widget_type=\"aux_modern_heading.default\">\n\t\t\t\t<div class=\"elementor-widget-container\">\n\t\t\t\t\t<section class=\"aux-widget-modern-heading\">\n            <div class=\"aux-widget-inner\"><h2 class=\"aux-modern-heading-primary\"><\/h2><div class=\"aux-modern-heading-description\"><p><strong>Unsere Verpflichtung: jedes unserer Talente zu einem gemeinsamen Abenteuer werden zu lassen!<\/strong><\/p><p>Wie ? Durch eine starke Unternehmenskultur, die auf gegenseitiger Hilfe, Leidenschaft und dem Wunsch jedes Einzelnen basiert, neugierig und autonom zu sein, sich so gut wie m\u00f6glich selbst zu ern\u00e4hren und sich weiterzuentwickeln.<\/p><p><strong>Unsere DNA ist eine fr\u00f6hliche Mischung aus Authentizit\u00e4t, Einfachheit, aber auch Humor, Spa\u00df ... wir lachen gerne, teilen, fordern uns selbst heraus!<\/strong><\/p><p>Wir brauchen auch Sie, um innovativ zu sein und sich weiterzuentwickeln. Warten Sie also nicht l\u00e4nger: Kommen Sie zu uns!<\/p><\/div><\/div>\n        <\/section>\t\t\t\t<\/div>\n\t\t\t\t<\/div>\n\t\t\t\t<div class=\"elementor-element elementor-element-9ebb19c elementor-widget elementor-widget-html\" data-id=\"9ebb19c\" data-element_type=\"widget\" data-e-type=\"widget\" data-widget_type=\"html.default\">\n\t\t\t\t<div class=\"elementor-widget-container\">\n\t\t\t\t\t<div id=\"werecruit-posts-widget\">\n<\/div>\n<script src=\"https:\/\/wio.blob.core.windows.net\/static\/posts-widget-script.js\" ><\/script>\n<script>\nloadWerecruitWidget({\ncompanyName: \"leroux-et-lotz-technologies\",\ngrouping: \"date\"\n})\n<\/script>\t\t\t\t<\/div>\n\t\t\t\t<\/div>\n\t\t\t\t\t<\/div>\n\t\t<\/div>\n\t\t\t\t\t<\/div>\n\t\t<\/section>\n\t\t\t\t<\/div>\n\t\t","protected":false},"excerpt":{"rendered":"<p>Karriere Komm, schlie\u00dfe dich uns an Unsere Verpflichtung: jedes unserer Talente zu einem gemeinsamen Abenteuer werden zu lassen! Wie ? Durch eine starke Unternehmenskultur, die auf gegenseitiger Hilfe, Leidenschaft und dem Wunsch jedes Einzelnen basiert, neugierig und autonom zu sein, sich so gut wie m\u00f6glich selbst zu ern\u00e4hren und sich weiterzuentwickeln. Unsere DNA ist eine [&hellip;]<\/p>\n","protected":false},"author":1,"featured_media":0,"parent":5024,"menu_order":0,"comment_status":"closed","ping_status":"closed","template":"","meta":{"footnotes":""},"class_list":["post-27193","page","type-page","status-publish","hentry"],"yoast_head":"<!-- This site is optimized with the Yoast SEO plugin v27.5 - https:\/\/yoast.com\/product\/yoast-seo-wordpress\/ -->\n<title>Komm, schlie\u00dfe dich uns an - Leroux &amp; Lotz<\/title>\n<meta name=\"robots\" content=\"index, follow, max-snippet:-1, max-image-preview:large, max-video-preview:-1\" \/>\n<link rel=\"canonical\" href=\"https:\/\/www.lerouxlotz.com\/de\/karriere\/komm-schliesse-dich-uns-an\/\" \/>\n<meta property=\"og:locale\" content=\"de_DE\" \/>\n<meta property=\"og:type\" content=\"article\" \/>\n<meta property=\"og:title\" content=\"Komm, schlie\u00dfe dich uns an - Leroux &amp; Lotz\" \/>\n<meta property=\"og:description\" content=\"Karriere Komm, schlie\u00dfe dich uns an Unsere Verpflichtung: jedes unserer Talente zu einem gemeinsamen Abenteuer werden zu lassen! Wie ? Durch eine starke Unternehmenskultur, die auf gegenseitiger Hilfe, Leidenschaft und dem Wunsch jedes Einzelnen basiert, neugierig und autonom zu sein, sich so gut wie m\u00f6glich selbst zu ern\u00e4hren und sich weiterzuentwickeln. Unsere DNA ist eine [&hellip;]\" \/>\n<meta property=\"og:url\" content=\"https:\/\/www.lerouxlotz.com\/de\/karriere\/komm-schliesse-dich-uns-an\/\" \/>\n<meta property=\"og:site_name\" content=\"Leroux &amp; Lotz\" \/>\n<meta property=\"article:modified_time\" content=\"2023-08-22T10:05:37+00:00\" \/>\n<meta name=\"twitter:card\" content=\"summary_large_image\" \/>\n<meta name=\"twitter:label1\" content=\"Gesch\u00e4tzte Lesezeit\" \/>\n\t<meta name=\"twitter:data1\" content=\"1\u00a0Minute\" \/>\n<script type=\"application\/ld+json\" class=\"yoast-schema-graph\">{\"@context\":\"https:\\\/\\\/schema.org\",\"@graph\":[{\"@type\":\"WebPage\",\"@id\":\"https:\\\/\\\/www.lerouxlotz.com\\\/de\\\/karriere\\\/komm-schliesse-dich-uns-an\\\/\",\"url\":\"https:\\\/\\\/www.lerouxlotz.com\\\/de\\\/karriere\\\/komm-schliesse-dich-uns-an\\\/\",\"name\":\"Komm, schlie\u00dfe dich uns an - Leroux &amp; Lotz\",\"isPartOf\":{\"@id\":\"https:\\\/\\\/www.lerouxlotz.com\\\/#website\"},\"datePublished\":\"2023-08-22T10:04:25+00:00\",\"dateModified\":\"2023-08-22T10:05:37+00:00\",\"breadcrumb\":{\"@id\":\"https:\\\/\\\/www.lerouxlotz.com\\\/de\\\/karriere\\\/komm-schliesse-dich-uns-an\\\/#breadcrumb\"},\"inLanguage\":\"de\",\"potentialAction\":[{\"@type\":\"ReadAction\",\"target\":[\"https:\\\/\\\/www.lerouxlotz.com\\\/de\\\/karriere\\\/komm-schliesse-dich-uns-an\\\/\"]}]},{\"@type\":\"BreadcrumbList\",\"@id\":\"https:\\\/\\\/www.lerouxlotz.com\\\/de\\\/karriere\\\/komm-schliesse-dich-uns-an\\\/#breadcrumb\",\"itemListElement\":[{\"@type\":\"ListItem\",\"position\":1,\"name\":\"Startseite\",\"item\":\"https:\\\/\\\/www.lerouxlotz.com\\\/\"},{\"@type\":\"ListItem\",\"position\":2,\"name\":\"Karriere\",\"item\":\"https:\\\/\\\/www.lerouxlotz.com\\\/de\\\/karriere\\\/\"},{\"@type\":\"ListItem\",\"position\":3,\"name\":\"Komm, schlie\u00dfe dich uns an\"}]},{\"@type\":\"WebSite\",\"@id\":\"https:\\\/\\\/www.lerouxlotz.com\\\/#website\",\"url\":\"https:\\\/\\\/www.lerouxlotz.com\\\/\",\"name\":\"Leroux &amp; Lotz\",\"description\":\"Creating Energy Solutions For The Future\",\"publisher\":{\"@id\":\"https:\\\/\\\/www.lerouxlotz.com\\\/#organization\"},\"potentialAction\":[{\"@type\":\"SearchAction\",\"target\":{\"@type\":\"EntryPoint\",\"urlTemplate\":\"https:\\\/\\\/www.lerouxlotz.com\\\/?s={search_term_string}\"},\"query-input\":{\"@type\":\"PropertyValueSpecification\",\"valueRequired\":true,\"valueName\":\"search_term_string\"}}],\"inLanguage\":\"de\"},{\"@type\":\"Organization\",\"@id\":\"https:\\\/\\\/www.lerouxlotz.com\\\/#organization\",\"name\":\"Leroux &amp; Lotz\",\"url\":\"https:\\\/\\\/www.lerouxlotz.com\\\/\",\"logo\":{\"@type\":\"ImageObject\",\"inLanguage\":\"de\",\"@id\":\"https:\\\/\\\/www.lerouxlotz.com\\\/#\\\/schema\\\/logo\\\/image\\\/\",\"url\":\"https:\\\/\\\/www.lerouxlotz.com\\\/wp-content\\\/uploads\\\/2026\\\/03\\\/Logo-LLT-blanc-fond-transparent.png\",\"contentUrl\":\"https:\\\/\\\/www.lerouxlotz.com\\\/wp-content\\\/uploads\\\/2026\\\/03\\\/Logo-LLT-blanc-fond-transparent.png\",\"width\":1513,\"height\":1432,\"caption\":\"Leroux &amp; Lotz\"},\"image\":{\"@id\":\"https:\\\/\\\/www.lerouxlotz.com\\\/#\\\/schema\\\/logo\\\/image\\\/\"}}]}<\/script>\n<!-- \/ Yoast SEO plugin. -->","yoast_head_json":{"title":"Komm, schlie\u00dfe dich uns an - Leroux &amp; Lotz","robots":{"index":"index","follow":"follow","max-snippet":"max-snippet:-1","max-image-preview":"max-image-preview:large","max-video-preview":"max-video-preview:-1"},"canonical":"https:\/\/www.lerouxlotz.com\/de\/karriere\/komm-schliesse-dich-uns-an\/","og_locale":"de_DE","og_type":"article","og_title":"Komm, schlie\u00dfe dich uns an - Leroux &amp; Lotz","og_description":"Karriere Komm, schlie\u00dfe dich uns an Unsere Verpflichtung: jedes unserer Talente zu einem gemeinsamen Abenteuer werden zu lassen! Wie ? Durch eine starke Unternehmenskultur, die auf gegenseitiger Hilfe, Leidenschaft und dem Wunsch jedes Einzelnen basiert, neugierig und autonom zu sein, sich so gut wie m\u00f6glich selbst zu ern\u00e4hren und sich weiterzuentwickeln. Unsere DNA ist eine [&hellip;]","og_url":"https:\/\/www.lerouxlotz.com\/de\/karriere\/komm-schliesse-dich-uns-an\/","og_site_name":"Leroux &amp; Lotz","article_modified_time":"2023-08-22T10:05:37+00:00","twitter_card":"summary_large_image","twitter_misc":{"Gesch\u00e4tzte Lesezeit":"1\u00a0Minute"},"schema":{"@context":"https:\/\/schema.org","@graph":[{"@type":"WebPage","@id":"https:\/\/www.lerouxlotz.com\/de\/karriere\/komm-schliesse-dich-uns-an\/","url":"https:\/\/www.lerouxlotz.com\/de\/karriere\/komm-schliesse-dich-uns-an\/","name":"Komm, schlie\u00dfe dich uns an - Leroux &amp; Lotz","isPartOf":{"@id":"https:\/\/www.lerouxlotz.com\/#website"},"datePublished":"2023-08-22T10:04:25+00:00","dateModified":"2023-08-22T10:05:37+00:00","breadcrumb":{"@id":"https:\/\/www.lerouxlotz.com\/de\/karriere\/komm-schliesse-dich-uns-an\/#breadcrumb"},"inLanguage":"de","potentialAction":[{"@type":"ReadAction","target":["https:\/\/www.lerouxlotz.com\/de\/karriere\/komm-schliesse-dich-uns-an\/"]}]},{"@type":"BreadcrumbList","@id":"https:\/\/www.lerouxlotz.com\/de\/karriere\/komm-schliesse-dich-uns-an\/#breadcrumb","itemListElement":[{"@type":"ListItem","position":1,"name":"Startseite","item":"https:\/\/www.lerouxlotz.com\/"},{"@type":"ListItem","position":2,"name":"Karriere","item":"https:\/\/www.lerouxlotz.com\/de\/karriere\/"},{"@type":"ListItem","position":3,"name":"Komm, schlie\u00dfe dich uns an"}]},{"@type":"WebSite","@id":"https:\/\/www.lerouxlotz.com\/#website","url":"https:\/\/www.lerouxlotz.com\/","name":"Leroux &amp; Lotz","description":"Creating Energy Solutions For The Future","publisher":{"@id":"https:\/\/www.lerouxlotz.com\/#organization"},"potentialAction":[{"@type":"SearchAction","target":{"@type":"EntryPoint","urlTemplate":"https:\/\/www.lerouxlotz.com\/?s={search_term_string}"},"query-input":{"@type":"PropertyValueSpecification","valueRequired":true,"valueName":"search_term_string"}}],"inLanguage":"de"},{"@type":"Organization","@id":"https:\/\/www.lerouxlotz.com\/#organization","name":"Leroux &amp; Lotz","url":"https:\/\/www.lerouxlotz.com\/","logo":{"@type":"ImageObject","inLanguage":"de","@id":"https:\/\/www.lerouxlotz.com\/#\/schema\/logo\/image\/","url":"https:\/\/www.lerouxlotz.com\/wp-content\/uploads\/2026\/03\/Logo-LLT-blanc-fond-transparent.png","contentUrl":"https:\/\/www.lerouxlotz.com\/wp-content\/uploads\/2026\/03\/Logo-LLT-blanc-fond-transparent.png","width":1513,"height":1432,"caption":"Leroux &amp; Lotz"},"image":{"@id":"https:\/\/www.lerouxlotz.com\/#\/schema\/logo\/image\/"}}]}},"_links":{"self":[{"href":"https:\/\/www.lerouxlotz.com\/de\/wp-json\/wp\/v2\/pages\/27193","targetHints":{"allow":["GET"]}}],"collection":[{"href":"https:\/\/www.lerouxlotz.com\/de\/wp-json\/wp\/v2\/pages"}],"about":[{"href":"https:\/\/www.lerouxlotz.com\/de\/wp-json\/wp\/v2\/types\/page"}],"author":[{"embeddable":true,"href":"https:\/\/www.lerouxlotz.com\/de\/wp-json\/wp\/v2\/users\/1"}],"replies":[{"embeddable":true,"href":"https:\/\/www.lerouxlotz.com\/de\/wp-json\/wp\/v2\/comments?post=27193"}],"version-history":[{"count":4,"href":"https:\/\/www.lerouxlotz.com\/de\/wp-json\/wp\/v2\/pages\/27193\/revisions"}],"predecessor-version":[{"id":27201,"href":"https:\/\/www.lerouxlotz.com\/de\/wp-json\/wp\/v2\/pages\/27193\/revisions\/27201"}],"up":[{"embeddable":true,"href":"https:\/\/www.lerouxlotz.com\/de\/wp-json\/wp\/v2\/pages\/5024"}],"wp:attachment":[{"href":"https:\/\/www.lerouxlotz.com\/de\/wp-json\/wp\/v2\/media?parent=27193"}],"curies":[{"name":"wp","href":"https:\/\/api.w.org\/{rel}","templated":true}]}}