{"id":27171,"date":"2023-08-22T11:54:40","date_gmt":"2023-08-22T09:54:40","guid":{"rendered":"https:\/\/www.lerouxlotz.com\/?page_id=27171"},"modified":"2023-08-22T11:58:06","modified_gmt":"2023-08-22T09:58:06","slug":"das-llt-team","status":"publish","type":"page","link":"https:\/\/www.lerouxlotz.com\/de\/karriere\/das-llt-team\/","title":{"rendered":"Das LLT #team"},"content":{"rendered":"\t\t<div data-elementor-type=\"wp-post\" data-elementor-id=\"27171\" class=\"elementor elementor-27171 elementor-27165\" data-elementor-post-type=\"page\">\n\t\t\t\t\t\t<section class=\"elementor-section elementor-top-section elementor-element elementor-element-72dc777 elementor-reverse-tablet elementor-reverse-mobile elementor-section-content-middle elementor-section-boxed elementor-section-height-default elementor-section-height-default\" data-id=\"72dc777\" data-element_type=\"section\" data-e-type=\"section\">\n\t\t\t\t\t\t<div class=\"elementor-container elementor-column-gap-no\">\n\t\t\t\t\t<div class=\"aux-parallax-section elementor-column elementor-col-100 elementor-top-column elementor-element elementor-element-126a4d5\" data-id=\"126a4d5\" data-element_type=\"column\" data-e-type=\"column\">\n\t\t\t<div class=\"elementor-widget-wrap elementor-element-populated\">\n\t\t\t\t\t\t<div class=\"elementor-element elementor-element-ddbcf7f elementor-widget elementor-widget-breadcrumbs\" data-id=\"ddbcf7f\" data-element_type=\"widget\" data-e-type=\"widget\" data-widget_type=\"breadcrumbs.default\">\n\t\t\t\t<div class=\"elementor-widget-container\">\n\t\t\t\t\t<p id=\"breadcrumbs\"><span><span><a href=\"https:\/\/www.lerouxlotz.com\/\">Startseite<\/a><\/span><\/span><\/p>\t\t\t\t<\/div>\n\t\t\t\t<\/div>\n\t\t\t\t<div class=\"elementor-element elementor-element-e56b624 aux-appear-watch-animation aux-fade-in-up elementor-widget elementor-widget-aux_modern_heading\" data-id=\"e56b624\" data-element_type=\"widget\" data-e-type=\"widget\" data-widget_type=\"aux_modern_heading.default\">\n\t\t\t\t<div class=\"elementor-widget-container\">\n\t\t\t\t\t<section class=\"aux-widget-modern-heading\">\n            <div class=\"aux-widget-inner\"><div class=\"aux-modern-heading-divider\"><\/div><h2 class=\"aux-modern-heading-primary\">Karriere<\/h2><h1 class=\"aux-modern-heading-secondary\"><span class=\"aux-head-before\">Das LLT #team<\/span><\/h1><\/div>\n        <\/section>\t\t\t\t<\/div>\n\t\t\t\t<\/div>\n\t\t\t\t<div class=\"elementor-element elementor-element-ad3226e elementor-widget elementor-widget-image\" data-id=\"ad3226e\" data-element_type=\"widget\" data-e-type=\"widget\" data-widget_type=\"image.default\">\n\t\t\t\t<div class=\"elementor-widget-container\">\n\t\t\t\t\t\t\t\t\t\t\t\t\t\t\t<img fetchpriority=\"high\" decoding=\"async\" width=\"1024\" height=\"355\" src=\"https:\/\/www.lerouxlotz.com\/wp-content\/uploads\/2020\/10\/GROUPE-1024x355.jpg\" class=\"attachment-large size-large wp-image-5030\" alt=\"\" \/>\t\t\t\t\t\t\t\t\t\t\t\t\t\t\t<\/div>\n\t\t\t\t<\/div>\n\t\t\t\t<div class=\"elementor-element elementor-element-405f098 aux-appear-watch-animation aux-fade-in-up elementor-widget elementor-widget-aux_modern_heading\" data-id=\"405f098\" data-element_type=\"widget\" data-e-type=\"widget\" data-widget_type=\"aux_modern_heading.default\">\n\t\t\t\t<div class=\"elementor-widget-container\">\n\t\t\t\t\t<section class=\"aux-widget-modern-heading\">\n            <div class=\"aux-widget-inner\"><h2 class=\"aux-modern-heading-primary\"><\/h2><div class=\"aux-modern-heading-description\"><p>Leroux &amp; Lotz Technologies ist ein KMU, das aus einem vielf\u00e4ltigen Kollektiv von fast <strong>100 talentierten Fachleuten besteht<\/strong>, die sich einzeln und gemeinsam f\u00fcr einen Innovationsprozess engagieren.<\/p><p><strong>Die Beziehungsf\u00e4higkeit, der Gruppengeist und der Austausch<\/strong> sind wichtige Eigenschaften, die uns am Herzen liegen. LLT ist ein Kollektiv von Frauen und M\u00e4nnern, die alle Experten auf ihrem Gebiet sind und bei denen jeder seinen Stein zum Bau beitragen kann.<\/p><p><strong>Beratung, Zusammenarbeit, Vertrauen und Wohlwollen sind Eigenschaften<\/strong>, die unsere kulturellen Grundlagen ausmachen und die Art und Weise pr\u00e4gen, wie wir unsere Berufe aus\u00fcben. Sie sind in unserem F\u00fchrungsmodell verwurzelt, <strong>das Autonomie und Verantwortung sch\u00e4tzt<\/strong>.<\/p><p>Unser Handeln spiegelt das Anliegen eines guten Zusammenlebens am Arbeitsplatz wider, das f\u00fcr uns ein wesentlicher Erfolgsfaktor ist.<\/p><p>Wir sind stets bestrebt, schrittweise alles zu schaffen, damit sich alle in einem angenehmen und warmen Arbeitsumfeld entfalten k\u00f6nnen: Dies reicht von der t\u00e4glichen Aufmerksamkeit bis zur Organisation von Veranstaltungen, um Momente der Geselligkeit und des Austauschs zu bieten: Tagesintegration, Afterwork, Feiern, Seminar. ..<\/p><p>Um Beziehungen und eine entspannte Arbeitsatmosph\u00e4re zu f\u00f6rdern, ist LLT in einem partizipativen Ansatz verankert. Jedes Jahr wird eine Umfrage durchgef\u00fchrt, um die Lebensqualit\u00e4t am Arbeitsplatz und Verbesserungsm\u00f6glichkeiten zu bewerten.<\/p><\/div><\/div>\n        <\/section>\t\t\t\t<\/div>\n\t\t\t\t<\/div>\n\t\t\t\t\t<\/div>\n\t\t<\/div>\n\t\t\t\t\t<\/div>\n\t\t<\/section>\n\t\t\t\t<\/div>\n\t\t","protected":false},"excerpt":{"rendered":"<p>Karriere Das LLT #team Leroux &amp; Lotz Technologies ist ein KMU, das aus einem vielf\u00e4ltigen Kollektiv von fast 100 talentierten Fachleuten besteht, die sich einzeln und gemeinsam f\u00fcr einen Innovationsprozess engagieren. Die Beziehungsf\u00e4higkeit, der Gruppengeist und der Austausch sind wichtige Eigenschaften, die uns am Herzen liegen. LLT ist ein Kollektiv von Frauen und M\u00e4nnern, die [&hellip;]<\/p>\n","protected":false},"author":1,"featured_media":0,"parent":5024,"menu_order":0,"comment_status":"closed","ping_status":"closed","template":"","meta":{"footnotes":""},"class_list":["post-27171","page","type-page","status-publish","hentry"],"yoast_head":"<!-- This site is optimized with the Yoast SEO plugin v27.3 - https:\/\/yoast.com\/product\/yoast-seo-wordpress\/ -->\n<title>Das LLT #team - Leroux &amp; Lotz<\/title>\n<meta name=\"robots\" content=\"index, follow, max-snippet:-1, max-image-preview:large, max-video-preview:-1\" \/>\n<link rel=\"canonical\" href=\"https:\/\/www.lerouxlotz.com\/de\/karriere\/das-llt-team\/\" \/>\n<meta property=\"og:locale\" content=\"de_DE\" \/>\n<meta property=\"og:type\" content=\"article\" \/>\n<meta property=\"og:title\" content=\"Das LLT #team - Leroux &amp; Lotz\" \/>\n<meta property=\"og:description\" content=\"Karriere Das LLT #team Leroux &amp; Lotz Technologies ist ein KMU, das aus einem vielf\u00e4ltigen Kollektiv von fast 100 talentierten Fachleuten besteht, die sich einzeln und gemeinsam f\u00fcr einen Innovationsprozess engagieren. Die Beziehungsf\u00e4higkeit, der Gruppengeist und der Austausch sind wichtige Eigenschaften, die uns am Herzen liegen. LLT ist ein Kollektiv von Frauen und M\u00e4nnern, die [&hellip;]\" \/>\n<meta property=\"og:url\" content=\"https:\/\/www.lerouxlotz.com\/de\/karriere\/das-llt-team\/\" \/>\n<meta property=\"og:site_name\" content=\"Leroux &amp; Lotz\" \/>\n<meta property=\"article:modified_time\" content=\"2023-08-22T09:58:06+00:00\" \/>\n<meta property=\"og:image\" content=\"https:\/\/www.lerouxlotz.com\/wp-content\/uploads\/2020\/10\/GROUPE-1024x355.jpg\" \/>\n<meta name=\"twitter:card\" content=\"summary_large_image\" \/>\n<meta name=\"twitter:label1\" content=\"Gesch\u00e4tzte Lesezeit\" \/>\n\t<meta name=\"twitter:data1\" content=\"2\u00a0Minuten\" \/>\n<script type=\"application\/ld+json\" class=\"yoast-schema-graph\">{\"@context\":\"https:\\\/\\\/schema.org\",\"@graph\":[{\"@type\":\"WebPage\",\"@id\":\"https:\\\/\\\/www.lerouxlotz.com\\\/de\\\/karriere\\\/das-llt-team\\\/\",\"url\":\"https:\\\/\\\/www.lerouxlotz.com\\\/de\\\/karriere\\\/das-llt-team\\\/\",\"name\":\"Das LLT #team - Leroux &amp; Lotz\",\"isPartOf\":{\"@id\":\"https:\\\/\\\/www.lerouxlotz.com\\\/#website\"},\"primaryImageOfPage\":{\"@id\":\"https:\\\/\\\/www.lerouxlotz.com\\\/de\\\/karriere\\\/das-llt-team\\\/#primaryimage\"},\"image\":{\"@id\":\"https:\\\/\\\/www.lerouxlotz.com\\\/de\\\/karriere\\\/das-llt-team\\\/#primaryimage\"},\"thumbnailUrl\":\"https:\\\/\\\/www.lerouxlotz.com\\\/wp-content\\\/uploads\\\/2020\\\/10\\\/GROUPE-1024x355.jpg\",\"datePublished\":\"2023-08-22T09:54:40+00:00\",\"dateModified\":\"2023-08-22T09:58:06+00:00\",\"breadcrumb\":{\"@id\":\"https:\\\/\\\/www.lerouxlotz.com\\\/de\\\/karriere\\\/das-llt-team\\\/#breadcrumb\"},\"inLanguage\":\"de\",\"potentialAction\":[{\"@type\":\"ReadAction\",\"target\":[\"https:\\\/\\\/www.lerouxlotz.com\\\/de\\\/karriere\\\/das-llt-team\\\/\"]}]},{\"@type\":\"ImageObject\",\"inLanguage\":\"de\",\"@id\":\"https:\\\/\\\/www.lerouxlotz.com\\\/de\\\/karriere\\\/das-llt-team\\\/#primaryimage\",\"url\":\"https:\\\/\\\/www.lerouxlotz.com\\\/wp-content\\\/uploads\\\/2020\\\/10\\\/GROUPE-1024x355.jpg\",\"contentUrl\":\"https:\\\/\\\/www.lerouxlotz.com\\\/wp-content\\\/uploads\\\/2020\\\/10\\\/GROUPE-1024x355.jpg\"},{\"@type\":\"BreadcrumbList\",\"@id\":\"https:\\\/\\\/www.lerouxlotz.com\\\/de\\\/karriere\\\/das-llt-team\\\/#breadcrumb\",\"itemListElement\":[{\"@type\":\"ListItem\",\"position\":1,\"name\":\"Startseite\",\"item\":\"https:\\\/\\\/www.lerouxlotz.com\\\/\"},{\"@type\":\"ListItem\",\"position\":2,\"name\":\"Karriere\",\"item\":\"https:\\\/\\\/www.lerouxlotz.com\\\/de\\\/karriere\\\/\"},{\"@type\":\"ListItem\",\"position\":3,\"name\":\"Das LLT #team\"}]},{\"@type\":\"WebSite\",\"@id\":\"https:\\\/\\\/www.lerouxlotz.com\\\/#website\",\"url\":\"https:\\\/\\\/www.lerouxlotz.com\\\/\",\"name\":\"Leroux &amp; Lotz\",\"description\":\"Creating Energy Solutions For The Future\",\"publisher\":{\"@id\":\"https:\\\/\\\/www.lerouxlotz.com\\\/#organization\"},\"potentialAction\":[{\"@type\":\"SearchAction\",\"target\":{\"@type\":\"EntryPoint\",\"urlTemplate\":\"https:\\\/\\\/www.lerouxlotz.com\\\/?s={search_term_string}\"},\"query-input\":{\"@type\":\"PropertyValueSpecification\",\"valueRequired\":true,\"valueName\":\"search_term_string\"}}],\"inLanguage\":\"de\"},{\"@type\":\"Organization\",\"@id\":\"https:\\\/\\\/www.lerouxlotz.com\\\/#organization\",\"name\":\"Leroux &amp; Lotz\",\"url\":\"https:\\\/\\\/www.lerouxlotz.com\\\/\",\"logo\":{\"@type\":\"ImageObject\",\"inLanguage\":\"de\",\"@id\":\"https:\\\/\\\/www.lerouxlotz.com\\\/#\\\/schema\\\/logo\\\/image\\\/\",\"url\":\"https:\\\/\\\/www.lerouxlotz.com\\\/wp-content\\\/uploads\\\/2026\\\/03\\\/Logo-LLT-blanc-fond-transparent.png\",\"contentUrl\":\"https:\\\/\\\/www.lerouxlotz.com\\\/wp-content\\\/uploads\\\/2026\\\/03\\\/Logo-LLT-blanc-fond-transparent.png\",\"width\":1513,\"height\":1432,\"caption\":\"Leroux &amp; Lotz\"},\"image\":{\"@id\":\"https:\\\/\\\/www.lerouxlotz.com\\\/#\\\/schema\\\/logo\\\/image\\\/\"}}]}<\/script>\n<!-- \/ Yoast SEO plugin. -->","yoast_head_json":{"title":"Das LLT #team - Leroux &amp; Lotz","robots":{"index":"index","follow":"follow","max-snippet":"max-snippet:-1","max-image-preview":"max-image-preview:large","max-video-preview":"max-video-preview:-1"},"canonical":"https:\/\/www.lerouxlotz.com\/de\/karriere\/das-llt-team\/","og_locale":"de_DE","og_type":"article","og_title":"Das LLT #team - Leroux &amp; Lotz","og_description":"Karriere Das LLT #team Leroux &amp; Lotz Technologies ist ein KMU, das aus einem vielf\u00e4ltigen Kollektiv von fast 100 talentierten Fachleuten besteht, die sich einzeln und gemeinsam f\u00fcr einen Innovationsprozess engagieren. Die Beziehungsf\u00e4higkeit, der Gruppengeist und der Austausch sind wichtige Eigenschaften, die uns am Herzen liegen. LLT ist ein Kollektiv von Frauen und M\u00e4nnern, die [&hellip;]","og_url":"https:\/\/www.lerouxlotz.com\/de\/karriere\/das-llt-team\/","og_site_name":"Leroux &amp; Lotz","article_modified_time":"2023-08-22T09:58:06+00:00","og_image":[{"url":"https:\/\/www.lerouxlotz.com\/wp-content\/uploads\/2020\/10\/GROUPE-1024x355.jpg","type":"","width":"","height":""}],"twitter_card":"summary_large_image","twitter_misc":{"Gesch\u00e4tzte Lesezeit":"2\u00a0Minuten"},"schema":{"@context":"https:\/\/schema.org","@graph":[{"@type":"WebPage","@id":"https:\/\/www.lerouxlotz.com\/de\/karriere\/das-llt-team\/","url":"https:\/\/www.lerouxlotz.com\/de\/karriere\/das-llt-team\/","name":"Das LLT #team - Leroux &amp; Lotz","isPartOf":{"@id":"https:\/\/www.lerouxlotz.com\/#website"},"primaryImageOfPage":{"@id":"https:\/\/www.lerouxlotz.com\/de\/karriere\/das-llt-team\/#primaryimage"},"image":{"@id":"https:\/\/www.lerouxlotz.com\/de\/karriere\/das-llt-team\/#primaryimage"},"thumbnailUrl":"https:\/\/www.lerouxlotz.com\/wp-content\/uploads\/2020\/10\/GROUPE-1024x355.jpg","datePublished":"2023-08-22T09:54:40+00:00","dateModified":"2023-08-22T09:58:06+00:00","breadcrumb":{"@id":"https:\/\/www.lerouxlotz.com\/de\/karriere\/das-llt-team\/#breadcrumb"},"inLanguage":"de","potentialAction":[{"@type":"ReadAction","target":["https:\/\/www.lerouxlotz.com\/de\/karriere\/das-llt-team\/"]}]},{"@type":"ImageObject","inLanguage":"de","@id":"https:\/\/www.lerouxlotz.com\/de\/karriere\/das-llt-team\/#primaryimage","url":"https:\/\/www.lerouxlotz.com\/wp-content\/uploads\/2020\/10\/GROUPE-1024x355.jpg","contentUrl":"https:\/\/www.lerouxlotz.com\/wp-content\/uploads\/2020\/10\/GROUPE-1024x355.jpg"},{"@type":"BreadcrumbList","@id":"https:\/\/www.lerouxlotz.com\/de\/karriere\/das-llt-team\/#breadcrumb","itemListElement":[{"@type":"ListItem","position":1,"name":"Startseite","item":"https:\/\/www.lerouxlotz.com\/"},{"@type":"ListItem","position":2,"name":"Karriere","item":"https:\/\/www.lerouxlotz.com\/de\/karriere\/"},{"@type":"ListItem","position":3,"name":"Das LLT #team"}]},{"@type":"WebSite","@id":"https:\/\/www.lerouxlotz.com\/#website","url":"https:\/\/www.lerouxlotz.com\/","name":"Leroux &amp; Lotz","description":"Creating Energy Solutions For The Future","publisher":{"@id":"https:\/\/www.lerouxlotz.com\/#organization"},"potentialAction":[{"@type":"SearchAction","target":{"@type":"EntryPoint","urlTemplate":"https:\/\/www.lerouxlotz.com\/?s={search_term_string}"},"query-input":{"@type":"PropertyValueSpecification","valueRequired":true,"valueName":"search_term_string"}}],"inLanguage":"de"},{"@type":"Organization","@id":"https:\/\/www.lerouxlotz.com\/#organization","name":"Leroux &amp; Lotz","url":"https:\/\/www.lerouxlotz.com\/","logo":{"@type":"ImageObject","inLanguage":"de","@id":"https:\/\/www.lerouxlotz.com\/#\/schema\/logo\/image\/","url":"https:\/\/www.lerouxlotz.com\/wp-content\/uploads\/2026\/03\/Logo-LLT-blanc-fond-transparent.png","contentUrl":"https:\/\/www.lerouxlotz.com\/wp-content\/uploads\/2026\/03\/Logo-LLT-blanc-fond-transparent.png","width":1513,"height":1432,"caption":"Leroux &amp; Lotz"},"image":{"@id":"https:\/\/www.lerouxlotz.com\/#\/schema\/logo\/image\/"}}]}},"_links":{"self":[{"href":"https:\/\/www.lerouxlotz.com\/de\/wp-json\/wp\/v2\/pages\/27171","targetHints":{"allow":["GET"]}}],"collection":[{"href":"https:\/\/www.lerouxlotz.com\/de\/wp-json\/wp\/v2\/pages"}],"about":[{"href":"https:\/\/www.lerouxlotz.com\/de\/wp-json\/wp\/v2\/types\/page"}],"author":[{"embeddable":true,"href":"https:\/\/www.lerouxlotz.com\/de\/wp-json\/wp\/v2\/users\/1"}],"replies":[{"embeddable":true,"href":"https:\/\/www.lerouxlotz.com\/de\/wp-json\/wp\/v2\/comments?post=27171"}],"version-history":[{"count":4,"href":"https:\/\/www.lerouxlotz.com\/de\/wp-json\/wp\/v2\/pages\/27171\/revisions"}],"predecessor-version":[{"id":27179,"href":"https:\/\/www.lerouxlotz.com\/de\/wp-json\/wp\/v2\/pages\/27171\/revisions\/27179"}],"up":[{"embeddable":true,"href":"https:\/\/www.lerouxlotz.com\/de\/wp-json\/wp\/v2\/pages\/5024"}],"wp:attachment":[{"href":"https:\/\/www.lerouxlotz.com\/de\/wp-json\/wp\/v2\/media?parent=27171"}],"curies":[{"name":"wp","href":"https:\/\/api.w.org\/{rel}","templated":true}]}}