{"id":27113,"date":"2023-08-22T11:29:11","date_gmt":"2023-08-22T09:29:11","guid":{"rendered":"https:\/\/www.lerouxlotz.com\/?page_id=27113"},"modified":"2023-09-26T16:19:28","modified_gmt":"2023-09-26T14:19:28","slug":"unsere-werte","status":"publish","type":"page","link":"https:\/\/www.lerouxlotz.com\/de\/vision\/unsere-werte\/","title":{"rendered":"Unsere Werte"},"content":{"rendered":"\t\t<div data-elementor-type=\"wp-post\" data-elementor-id=\"27113\" class=\"elementor elementor-27113 elementor-27103\" data-elementor-post-type=\"page\">\n\t\t\t\t\t\t<section class=\"elementor-section elementor-top-section elementor-element elementor-element-72dc777 elementor-section-content-middle elementor-section-boxed elementor-section-height-default elementor-section-height-default\" data-id=\"72dc777\" data-element_type=\"section\" data-e-type=\"section\">\n\t\t\t\t\t\t<div class=\"elementor-container elementor-column-gap-no\">\n\t\t\t\t\t<div class=\"aux-parallax-section elementor-column elementor-col-100 elementor-top-column elementor-element elementor-element-420852e\" data-id=\"420852e\" data-element_type=\"column\" data-e-type=\"column\">\n\t\t\t<div class=\"elementor-widget-wrap elementor-element-populated\">\n\t\t\t\t\t\t<div class=\"elementor-element elementor-element-08d4604 elementor-widget elementor-widget-breadcrumbs\" data-id=\"08d4604\" data-element_type=\"widget\" data-e-type=\"widget\" data-widget_type=\"breadcrumbs.default\">\n\t\t\t\t<div class=\"elementor-widget-container\">\n\t\t\t\t\t<p id=\"breadcrumbs\"><span><span><a href=\"https:\/\/www.lerouxlotz.com\/\">Startseite<\/a><\/span><\/span><\/p>\t\t\t\t<\/div>\n\t\t\t\t<\/div>\n\t\t\t\t<div class=\"elementor-element elementor-element-e56b624 aux-appear-watch-animation aux-fade-in-up elementor-widget elementor-widget-aux_modern_heading\" data-id=\"e56b624\" data-element_type=\"widget\" data-e-type=\"widget\" data-widget_type=\"aux_modern_heading.default\">\n\t\t\t\t<div class=\"elementor-widget-container\">\n\t\t\t\t\t<section class=\"aux-widget-modern-heading\">\n            <div class=\"aux-widget-inner\"><div class=\"aux-modern-heading-divider\"><\/div><h6 class=\"aux-modern-heading-primary\">Vision<\/h6><h6 class=\"aux-modern-heading-secondary\"><span class=\"aux-head-before\">Unsere Werte<\/span><\/h6><div class=\"aux-modern-heading-description\"><p><img fetchpriority=\"high\" decoding=\"async\" class=\" wp-image-27683 aligncenter\" src=\"https:\/\/www.lerouxlotz.com\/wp-content\/uploads\/2023\/09\/3-VALEURS-EN-300x300.jpg\" alt=\"\" width=\"233\" height=\"233\" srcset=\"https:\/\/www.lerouxlotz.com\/wp-content\/uploads\/2023\/09\/3-VALEURS-EN-300x300.jpg 300w, https:\/\/www.lerouxlotz.com\/wp-content\/uploads\/2023\/09\/3-VALEURS-EN-1024x1024.jpg 1024w, https:\/\/www.lerouxlotz.com\/wp-content\/uploads\/2023\/09\/3-VALEURS-EN-150x150.jpg 150w, https:\/\/www.lerouxlotz.com\/wp-content\/uploads\/2023\/09\/3-VALEURS-EN-768x768.jpg 768w, https:\/\/www.lerouxlotz.com\/wp-content\/uploads\/2023\/09\/3-VALEURS-EN.jpg 1300w\" sizes=\"(max-width: 233px) 100vw, 233px\" \/><\/p><p><span style=\"color: #e10042\"><strong>Engagement<\/strong><\/span><br \/>''Angetrieben von dem Wunsch, unsere Projekte Wirklichkeit werden zu lassen und die Herausforderungen der Zukunft zu meistern, stellen wir gemeinsam unsere Energie und unser Know-how in den Dienst unserer Erfolge. Dadurch kann jeder von uns sein Potenzial entfalten und stolz darauf sein, bei LLT zu arbeiten.\u201c<\/p><p><span style=\"color: #66b531\"><strong>Vertrauen<\/strong><\/span><br \/>''Wir setzen uns gemeinsam daf\u00fcr ein, ein Umfeld zu schaffen, in dem sich alle wohlf\u00fchlen, das Integration f\u00f6rdert, Know-how anerkennt und Initiativen sch\u00e4tzt.\u201c Sie kommt in der Transparenz unseres Austauschs zwischen Mitarbeitern und mit unseren Partnern zum Ausdruck. Es ist die Grundlage unserer Beziehungen, mit Verantwortung und Begeisterung neue Erfolge aufzubauen.\u201c<\/p><p><span style=\"color: #1d7aab\"><strong>Freundlichkeit<\/strong><\/span><br \/>''Der Schl\u00fcssel zum Vertrauen ist die Voraussetzung f\u00fcr das Engagement. Wir streben danach, uns individuell und kollektiv fair und respektvoll zu verhalten. Wir streben nach Authentizit\u00e4t und Einfachheit im Austausch, um eine lebendige und harmonische Zusammenarbeit zu erm\u00f6glichen.<\/p><\/div><\/div>\n        <\/section>\t\t\t\t<\/div>\n\t\t\t\t<\/div>\n\t\t\t\t\t<\/div>\n\t\t<\/div>\n\t\t\t\t\t<\/div>\n\t\t<\/section>\n\t\t\t\t<\/div>\n\t\t","protected":false},"excerpt":{"rendered":"<p>Vision Unsere Werte Engagement&#8220;Angetrieben von dem Wunsch, unsere Projekte Wirklichkeit werden zu lassen und die Herausforderungen der Zukunft zu meistern, stellen wir gemeinsam unsere Energie und unser Know-how in den Dienst unserer Erfolge. Dadurch kann jeder von uns sein Potenzial entfalten und stolz darauf sein, bei LLT zu arbeiten.\u201c Vertrauen&#8220;Wir setzen uns gemeinsam daf\u00fcr ein, [&hellip;]<\/p>\n","protected":false},"author":1,"featured_media":0,"parent":27011,"menu_order":0,"comment_status":"closed","ping_status":"closed","template":"","meta":{"footnotes":""},"class_list":["post-27113","page","type-page","status-publish","hentry"],"yoast_head":"<!-- This site is optimized with the Yoast SEO plugin v27.5 - https:\/\/yoast.com\/product\/yoast-seo-wordpress\/ -->\n<title>Unsere Werte - Leroux &amp; Lotz<\/title>\n<meta name=\"robots\" content=\"index, follow, max-snippet:-1, max-image-preview:large, max-video-preview:-1\" \/>\n<link rel=\"canonical\" href=\"https:\/\/www.lerouxlotz.com\/vision\/nos-valeurs\/\" \/>\n<meta property=\"og:locale\" content=\"de_DE\" \/>\n<meta property=\"og:type\" content=\"article\" \/>\n<meta property=\"og:title\" content=\"Unsere Werte - Leroux &amp; Lotz\" \/>\n<meta property=\"og:description\" content=\"Vision Unsere Werte Engagement&#8220;Angetrieben von dem Wunsch, unsere Projekte Wirklichkeit werden zu lassen und die Herausforderungen der Zukunft zu meistern, stellen wir gemeinsam unsere Energie und unser Know-how in den Dienst unserer Erfolge. Dadurch kann jeder von uns sein Potenzial entfalten und stolz darauf sein, bei LLT zu arbeiten.\u201c Vertrauen&#8220;Wir setzen uns gemeinsam daf\u00fcr ein, [&hellip;]\" \/>\n<meta property=\"og:url\" content=\"https:\/\/www.lerouxlotz.com\/vision\/nos-valeurs\/\" \/>\n<meta property=\"og:site_name\" content=\"Leroux &amp; Lotz\" \/>\n<meta property=\"article:modified_time\" content=\"2023-09-26T14:19:28+00:00\" \/>\n<meta property=\"og:image\" content=\"https:\/\/www.lerouxlotz.com\/wp-content\/uploads\/2023\/09\/3-VALEURS-EN-300x300.jpg\" \/>\n<meta name=\"twitter:card\" content=\"summary_large_image\" \/>\n<meta name=\"twitter:label1\" content=\"Gesch\u00e4tzte Lesezeit\" \/>\n\t<meta name=\"twitter:data1\" content=\"1\u00a0Minute\" \/>\n<script type=\"application\/ld+json\" class=\"yoast-schema-graph\">{\"@context\":\"https:\\\/\\\/schema.org\",\"@graph\":[{\"@type\":\"WebPage\",\"@id\":\"https:\\\/\\\/www.lerouxlotz.com\\\/vision\\\/nos-valeurs\\\/\",\"url\":\"https:\\\/\\\/www.lerouxlotz.com\\\/vision\\\/nos-valeurs\\\/\",\"name\":\"Unsere Werte - Leroux &amp; Lotz\",\"isPartOf\":{\"@id\":\"https:\\\/\\\/www.lerouxlotz.com\\\/#website\"},\"primaryImageOfPage\":{\"@id\":\"https:\\\/\\\/www.lerouxlotz.com\\\/vision\\\/nos-valeurs\\\/#primaryimage\"},\"image\":{\"@id\":\"https:\\\/\\\/www.lerouxlotz.com\\\/vision\\\/nos-valeurs\\\/#primaryimage\"},\"thumbnailUrl\":\"https:\\\/\\\/www.lerouxlotz.com\\\/wp-content\\\/uploads\\\/2023\\\/09\\\/3-VALEURS-EN-300x300.jpg\",\"datePublished\":\"2023-08-22T09:29:11+00:00\",\"dateModified\":\"2023-09-26T14:19:28+00:00\",\"breadcrumb\":{\"@id\":\"https:\\\/\\\/www.lerouxlotz.com\\\/vision\\\/nos-valeurs\\\/#breadcrumb\"},\"inLanguage\":\"de\",\"potentialAction\":[{\"@type\":\"ReadAction\",\"target\":[\"https:\\\/\\\/www.lerouxlotz.com\\\/vision\\\/nos-valeurs\\\/\"]}]},{\"@type\":\"ImageObject\",\"inLanguage\":\"de\",\"@id\":\"https:\\\/\\\/www.lerouxlotz.com\\\/vision\\\/nos-valeurs\\\/#primaryimage\",\"url\":\"https:\\\/\\\/www.lerouxlotz.com\\\/wp-content\\\/uploads\\\/2023\\\/09\\\/3-VALEURS-EN-300x300.jpg\",\"contentUrl\":\"https:\\\/\\\/www.lerouxlotz.com\\\/wp-content\\\/uploads\\\/2023\\\/09\\\/3-VALEURS-EN-300x300.jpg\"},{\"@type\":\"BreadcrumbList\",\"@id\":\"https:\\\/\\\/www.lerouxlotz.com\\\/vision\\\/nos-valeurs\\\/#breadcrumb\",\"itemListElement\":[{\"@type\":\"ListItem\",\"position\":1,\"name\":\"Startseite\",\"item\":\"https:\\\/\\\/www.lerouxlotz.com\\\/\"},{\"@type\":\"ListItem\",\"position\":2,\"name\":\"Vision\",\"item\":\"https:\\\/\\\/www.lerouxlotz.com\\\/de\\\/vision\\\/\"},{\"@type\":\"ListItem\",\"position\":3,\"name\":\"Unsere Werte\"}]},{\"@type\":\"WebSite\",\"@id\":\"https:\\\/\\\/www.lerouxlotz.com\\\/#website\",\"url\":\"https:\\\/\\\/www.lerouxlotz.com\\\/\",\"name\":\"Leroux &amp; Lotz\",\"description\":\"Creating Energy Solutions For The Future\",\"publisher\":{\"@id\":\"https:\\\/\\\/www.lerouxlotz.com\\\/#organization\"},\"potentialAction\":[{\"@type\":\"SearchAction\",\"target\":{\"@type\":\"EntryPoint\",\"urlTemplate\":\"https:\\\/\\\/www.lerouxlotz.com\\\/?s={search_term_string}\"},\"query-input\":{\"@type\":\"PropertyValueSpecification\",\"valueRequired\":true,\"valueName\":\"search_term_string\"}}],\"inLanguage\":\"de\"},{\"@type\":\"Organization\",\"@id\":\"https:\\\/\\\/www.lerouxlotz.com\\\/#organization\",\"name\":\"Leroux &amp; Lotz\",\"url\":\"https:\\\/\\\/www.lerouxlotz.com\\\/\",\"logo\":{\"@type\":\"ImageObject\",\"inLanguage\":\"de\",\"@id\":\"https:\\\/\\\/www.lerouxlotz.com\\\/#\\\/schema\\\/logo\\\/image\\\/\",\"url\":\"https:\\\/\\\/www.lerouxlotz.com\\\/wp-content\\\/uploads\\\/2026\\\/03\\\/Logo-LLT-blanc-fond-transparent.png\",\"contentUrl\":\"https:\\\/\\\/www.lerouxlotz.com\\\/wp-content\\\/uploads\\\/2026\\\/03\\\/Logo-LLT-blanc-fond-transparent.png\",\"width\":1513,\"height\":1432,\"caption\":\"Leroux &amp; Lotz\"},\"image\":{\"@id\":\"https:\\\/\\\/www.lerouxlotz.com\\\/#\\\/schema\\\/logo\\\/image\\\/\"}}]}<\/script>\n<!-- \/ Yoast SEO plugin. -->","yoast_head_json":{"title":"Unsere Werte - Leroux &amp; Lotz","robots":{"index":"index","follow":"follow","max-snippet":"max-snippet:-1","max-image-preview":"max-image-preview:large","max-video-preview":"max-video-preview:-1"},"canonical":"https:\/\/www.lerouxlotz.com\/vision\/nos-valeurs\/","og_locale":"de_DE","og_type":"article","og_title":"Unsere Werte - Leroux &amp; Lotz","og_description":"Vision Unsere Werte Engagement&#8220;Angetrieben von dem Wunsch, unsere Projekte Wirklichkeit werden zu lassen und die Herausforderungen der Zukunft zu meistern, stellen wir gemeinsam unsere Energie und unser Know-how in den Dienst unserer Erfolge. Dadurch kann jeder von uns sein Potenzial entfalten und stolz darauf sein, bei LLT zu arbeiten.\u201c Vertrauen&#8220;Wir setzen uns gemeinsam daf\u00fcr ein, [&hellip;]","og_url":"https:\/\/www.lerouxlotz.com\/vision\/nos-valeurs\/","og_site_name":"Leroux &amp; Lotz","article_modified_time":"2023-09-26T14:19:28+00:00","og_image":[{"url":"https:\/\/www.lerouxlotz.com\/wp-content\/uploads\/2023\/09\/3-VALEURS-EN-300x300.jpg","type":"","width":"","height":""}],"twitter_card":"summary_large_image","twitter_misc":{"Gesch\u00e4tzte Lesezeit":"1\u00a0Minute"},"schema":{"@context":"https:\/\/schema.org","@graph":[{"@type":"WebPage","@id":"https:\/\/www.lerouxlotz.com\/vision\/nos-valeurs\/","url":"https:\/\/www.lerouxlotz.com\/vision\/nos-valeurs\/","name":"Unsere Werte - Leroux &amp; Lotz","isPartOf":{"@id":"https:\/\/www.lerouxlotz.com\/#website"},"primaryImageOfPage":{"@id":"https:\/\/www.lerouxlotz.com\/vision\/nos-valeurs\/#primaryimage"},"image":{"@id":"https:\/\/www.lerouxlotz.com\/vision\/nos-valeurs\/#primaryimage"},"thumbnailUrl":"https:\/\/www.lerouxlotz.com\/wp-content\/uploads\/2023\/09\/3-VALEURS-EN-300x300.jpg","datePublished":"2023-08-22T09:29:11+00:00","dateModified":"2023-09-26T14:19:28+00:00","breadcrumb":{"@id":"https:\/\/www.lerouxlotz.com\/vision\/nos-valeurs\/#breadcrumb"},"inLanguage":"de","potentialAction":[{"@type":"ReadAction","target":["https:\/\/www.lerouxlotz.com\/vision\/nos-valeurs\/"]}]},{"@type":"ImageObject","inLanguage":"de","@id":"https:\/\/www.lerouxlotz.com\/vision\/nos-valeurs\/#primaryimage","url":"https:\/\/www.lerouxlotz.com\/wp-content\/uploads\/2023\/09\/3-VALEURS-EN-300x300.jpg","contentUrl":"https:\/\/www.lerouxlotz.com\/wp-content\/uploads\/2023\/09\/3-VALEURS-EN-300x300.jpg"},{"@type":"BreadcrumbList","@id":"https:\/\/www.lerouxlotz.com\/vision\/nos-valeurs\/#breadcrumb","itemListElement":[{"@type":"ListItem","position":1,"name":"Startseite","item":"https:\/\/www.lerouxlotz.com\/"},{"@type":"ListItem","position":2,"name":"Vision","item":"https:\/\/www.lerouxlotz.com\/de\/vision\/"},{"@type":"ListItem","position":3,"name":"Unsere Werte"}]},{"@type":"WebSite","@id":"https:\/\/www.lerouxlotz.com\/#website","url":"https:\/\/www.lerouxlotz.com\/","name":"Leroux &amp; Lotz","description":"Creating Energy Solutions For The Future","publisher":{"@id":"https:\/\/www.lerouxlotz.com\/#organization"},"potentialAction":[{"@type":"SearchAction","target":{"@type":"EntryPoint","urlTemplate":"https:\/\/www.lerouxlotz.com\/?s={search_term_string}"},"query-input":{"@type":"PropertyValueSpecification","valueRequired":true,"valueName":"search_term_string"}}],"inLanguage":"de"},{"@type":"Organization","@id":"https:\/\/www.lerouxlotz.com\/#organization","name":"Leroux &amp; Lotz","url":"https:\/\/www.lerouxlotz.com\/","logo":{"@type":"ImageObject","inLanguage":"de","@id":"https:\/\/www.lerouxlotz.com\/#\/schema\/logo\/image\/","url":"https:\/\/www.lerouxlotz.com\/wp-content\/uploads\/2026\/03\/Logo-LLT-blanc-fond-transparent.png","contentUrl":"https:\/\/www.lerouxlotz.com\/wp-content\/uploads\/2026\/03\/Logo-LLT-blanc-fond-transparent.png","width":1513,"height":1432,"caption":"Leroux &amp; Lotz"},"image":{"@id":"https:\/\/www.lerouxlotz.com\/#\/schema\/logo\/image\/"}}]}},"_links":{"self":[{"href":"https:\/\/www.lerouxlotz.com\/de\/wp-json\/wp\/v2\/pages\/27113","targetHints":{"allow":["GET"]}}],"collection":[{"href":"https:\/\/www.lerouxlotz.com\/de\/wp-json\/wp\/v2\/pages"}],"about":[{"href":"https:\/\/www.lerouxlotz.com\/de\/wp-json\/wp\/v2\/types\/page"}],"author":[{"embeddable":true,"href":"https:\/\/www.lerouxlotz.com\/de\/wp-json\/wp\/v2\/users\/1"}],"replies":[{"embeddable":true,"href":"https:\/\/www.lerouxlotz.com\/de\/wp-json\/wp\/v2\/comments?post=27113"}],"version-history":[{"count":13,"href":"https:\/\/www.lerouxlotz.com\/de\/wp-json\/wp\/v2\/pages\/27113\/revisions"}],"predecessor-version":[{"id":27842,"href":"https:\/\/www.lerouxlotz.com\/de\/wp-json\/wp\/v2\/pages\/27113\/revisions\/27842"}],"up":[{"embeddable":true,"href":"https:\/\/www.lerouxlotz.com\/de\/wp-json\/wp\/v2\/pages\/27011"}],"wp:attachment":[{"href":"https:\/\/www.lerouxlotz.com\/de\/wp-json\/wp\/v2\/media?parent=27113"}],"curies":[{"name":"wp","href":"https:\/\/api.w.org\/{rel}","templated":true}]}}