{"id":27089,"date":"2023-08-22T11:08:49","date_gmt":"2023-08-22T09:08:49","guid":{"rendered":"https:\/\/www.lerouxlotz.com\/?page_id=27089"},"modified":"2023-08-22T11:17:47","modified_gmt":"2023-08-22T09:17:47","slug":"unsere-engagements","status":"publish","type":"page","link":"https:\/\/www.lerouxlotz.com\/de\/vision\/unsere-engagements\/","title":{"rendered":"Unsere Engagements"},"content":{"rendered":"\t\t<div data-elementor-type=\"wp-post\" data-elementor-id=\"27089\" class=\"elementor elementor-27089 elementor-27061\" data-elementor-post-type=\"page\">\n\t\t\t\t\t\t<section class=\"elementor-section elementor-top-section elementor-element elementor-element-72dc777 elementor-section-content-middle elementor-section-boxed elementor-section-height-default elementor-section-height-default\" data-id=\"72dc777\" data-element_type=\"section\" data-e-type=\"section\">\n\t\t\t\t\t\t<div class=\"elementor-container elementor-column-gap-no\">\n\t\t\t\t\t<div class=\"aux-parallax-section elementor-column elementor-col-100 elementor-top-column elementor-element elementor-element-420852e\" data-id=\"420852e\" data-element_type=\"column\" data-e-type=\"column\">\n\t\t\t<div class=\"elementor-widget-wrap elementor-element-populated\">\n\t\t\t\t\t\t<div class=\"elementor-element elementor-element-08d4604 elementor-widget elementor-widget-breadcrumbs\" data-id=\"08d4604\" data-element_type=\"widget\" data-e-type=\"widget\" data-widget_type=\"breadcrumbs.default\">\n\t\t\t\t<div class=\"elementor-widget-container\">\n\t\t\t\t\t<p id=\"breadcrumbs\"><span><span><a href=\"https:\/\/www.lerouxlotz.com\/\">Startseite<\/a><\/span><\/span><\/p>\t\t\t\t<\/div>\n\t\t\t\t<\/div>\n\t\t\t\t<div class=\"elementor-element elementor-element-e56b624 aux-appear-watch-animation aux-fade-in-up elementor-widget elementor-widget-aux_modern_heading\" data-id=\"e56b624\" data-element_type=\"widget\" data-e-type=\"widget\" data-widget_type=\"aux_modern_heading.default\">\n\t\t\t\t<div class=\"elementor-widget-container\">\n\t\t\t\t\t<section class=\"aux-widget-modern-heading\">\n            <div class=\"aux-widget-inner\"><div class=\"aux-modern-heading-divider\"><\/div><h6 class=\"aux-modern-heading-primary\">Vision<\/h6><h6 class=\"aux-modern-heading-secondary\"><span class=\"aux-head-before\">Unsere Engagements<\/span><\/h6><\/div>\n        <\/section>\t\t\t\t<\/div>\n\t\t\t\t<\/div>\n\t\t\t\t<section class=\"elementor-section elementor-inner-section elementor-element elementor-element-80eeb4e elementor-section-boxed elementor-section-height-default elementor-section-height-default\" data-id=\"80eeb4e\" data-element_type=\"section\" data-e-type=\"section\">\n\t\t\t\t\t\t<div class=\"elementor-container elementor-column-gap-default\">\n\t\t\t\t\t<div class=\"aux-parallax-section elementor-column elementor-col-20 elementor-inner-column elementor-element elementor-element-4c58240\" data-id=\"4c58240\" data-element_type=\"column\" data-e-type=\"column\">\n\t\t\t<div class=\"elementor-widget-wrap elementor-element-populated\">\n\t\t\t\t\t\t<div class=\"elementor-element elementor-element-212bef4 elementor-widget elementor-widget-image\" data-id=\"212bef4\" data-element_type=\"widget\" data-e-type=\"widget\" data-widget_type=\"image.default\">\n\t\t\t\t<div class=\"elementor-widget-container\">\n\t\t\t\t\t\t\t\t\t\t\t\t\t\t\t<img decoding=\"async\" width=\"128\" height=\"128\" src=\"https:\/\/www.lerouxlotz.com\/wp-content\/uploads\/2023\/08\/recycler.png\" class=\"attachment-large size-large wp-image-27081\" alt=\"\" \/>\t\t\t\t\t\t\t\t\t\t\t\t\t\t\t<\/div>\n\t\t\t\t<\/div>\n\t\t\t\t<div class=\"elementor-element elementor-element-40d8166 elementor-widget elementor-widget-icon-box\" data-id=\"40d8166\" data-element_type=\"widget\" data-e-type=\"widget\" data-widget_type=\"icon-box.default\">\n\t\t\t\t<div class=\"elementor-widget-container\">\n\t\t\t\t\t\t\t<div class=\"elementor-icon-box-wrapper\">\n\n\t\t\t\n\t\t\t\t\t\t<div class=\"elementor-icon-box-content\">\n\n\t\t\t\t\n\t\t\t\t\t\t\t\t\t<p class=\"elementor-icon-box-description\">\n\t\t\t\t\t\tBeteiligen Sie sich an Projekten, die zur Entwicklung der Kreislaufwirtschaft beitragen\t\t\t\t\t<\/p>\n\t\t\t\t\n\t\t\t<\/div>\n\t\t\t\n\t\t<\/div>\n\t\t\t\t\t\t<\/div>\n\t\t\t\t<\/div>\n\t\t\t\t\t<\/div>\n\t\t<\/div>\n\t\t\t\t<div class=\"aux-parallax-section elementor-column elementor-col-20 elementor-inner-column elementor-element elementor-element-ff65c16\" data-id=\"ff65c16\" data-element_type=\"column\" data-e-type=\"column\">\n\t\t\t<div class=\"elementor-widget-wrap elementor-element-populated\">\n\t\t\t\t\t\t<div class=\"elementor-element elementor-element-87df9f1 elementor-widget elementor-widget-image\" data-id=\"87df9f1\" data-element_type=\"widget\" data-e-type=\"widget\" data-widget_type=\"image.default\">\n\t\t\t\t<div class=\"elementor-widget-container\">\n\t\t\t\t\t\t\t\t\t\t\t\t\t\t\t<img decoding=\"async\" width=\"128\" height=\"128\" src=\"https:\/\/www.lerouxlotz.com\/wp-content\/uploads\/2023\/08\/innovation.png\" class=\"attachment-large size-large wp-image-27072\" alt=\"\" \/>\t\t\t\t\t\t\t\t\t\t\t\t\t\t\t<\/div>\n\t\t\t\t<\/div>\n\t\t\t\t<div class=\"elementor-element elementor-element-0cfc0e5 elementor-widget elementor-widget-icon-box\" data-id=\"0cfc0e5\" data-element_type=\"widget\" data-e-type=\"widget\" data-widget_type=\"icon-box.default\">\n\t\t\t\t<div class=\"elementor-widget-container\">\n\t\t\t\t\t\t\t<div class=\"elementor-icon-box-wrapper\">\n\n\t\t\t\n\t\t\t\t\t\t<div class=\"elementor-icon-box-content\">\n\n\t\t\t\t\n\t\t\t\t\t\t\t\t\t<p class=\"elementor-icon-box-description\">\n\t\t\t\t\t\tInvestieren Sie in die Technologien der Zukunft und sorgen Sie f\u00fcr eine hervorragende Forschung und Entwicklung\t\t\t\t\t<\/p>\n\t\t\t\t\n\t\t\t<\/div>\n\t\t\t\n\t\t<\/div>\n\t\t\t\t\t\t<\/div>\n\t\t\t\t<\/div>\n\t\t\t\t\t<\/div>\n\t\t<\/div>\n\t\t\t\t<div class=\"aux-parallax-section elementor-column elementor-col-20 elementor-inner-column elementor-element elementor-element-28d9d6f\" data-id=\"28d9d6f\" data-element_type=\"column\" data-e-type=\"column\">\n\t\t\t<div class=\"elementor-widget-wrap elementor-element-populated\">\n\t\t\t\t\t\t<div class=\"elementor-element elementor-element-5cd3333 elementor-widget elementor-widget-image\" data-id=\"5cd3333\" data-element_type=\"widget\" data-e-type=\"widget\" data-widget_type=\"image.default\">\n\t\t\t\t<div class=\"elementor-widget-container\">\n\t\t\t\t\t\t\t\t\t\t\t\t\t\t\t<img decoding=\"async\" width=\"128\" height=\"128\" src=\"https:\/\/www.lerouxlotz.com\/wp-content\/uploads\/2023\/08\/nuage-de-co21.png\" class=\"attachment-large size-large wp-image-27066\" alt=\"\" \/>\t\t\t\t\t\t\t\t\t\t\t\t\t\t\t<\/div>\n\t\t\t\t<\/div>\n\t\t\t\t<div class=\"elementor-element elementor-element-03622f9 elementor-widget elementor-widget-icon-box\" data-id=\"03622f9\" data-element_type=\"widget\" data-e-type=\"widget\" data-widget_type=\"icon-box.default\">\n\t\t\t\t<div class=\"elementor-widget-container\">\n\t\t\t\t\t\t\t<div class=\"elementor-icon-box-wrapper\">\n\n\t\t\t\n\t\t\t\t\t\t<div class=\"elementor-icon-box-content\">\n\n\t\t\t\t\n\t\t\t\t\t\t\t\t\t<p class=\"elementor-icon-box-description\">\n\t\t\t\t\t\tNehmen Sie nicht an einem Projekt teil, das den Herausforderungen der Reduzierung von CO2-Emissionen oder der Nutzung fossiler Brennstoffe nicht gerecht wird.\t\t\t\t\t<\/p>\n\t\t\t\t\n\t\t\t<\/div>\n\t\t\t\n\t\t<\/div>\n\t\t\t\t\t\t<\/div>\n\t\t\t\t<\/div>\n\t\t\t\t\t<\/div>\n\t\t<\/div>\n\t\t\t\t<div class=\"aux-parallax-section elementor-column elementor-col-20 elementor-inner-column elementor-element elementor-element-a721d1c\" data-id=\"a721d1c\" data-element_type=\"column\" data-e-type=\"column\">\n\t\t\t<div class=\"elementor-widget-wrap elementor-element-populated\">\n\t\t\t\t\t\t<div class=\"elementor-element elementor-element-8923e1b elementor-widget elementor-widget-image\" data-id=\"8923e1b\" data-element_type=\"widget\" data-e-type=\"widget\" data-widget_type=\"image.default\">\n\t\t\t\t<div class=\"elementor-widget-container\">\n\t\t\t\t\t\t\t\t\t\t\t\t\t\t\t<img loading=\"lazy\" decoding=\"async\" width=\"128\" height=\"128\" src=\"https:\/\/www.lerouxlotz.com\/wp-content\/uploads\/2023\/08\/centrale-electrique.png\" class=\"attachment-large size-large wp-image-27075\" alt=\"\" \/>\t\t\t\t\t\t\t\t\t\t\t\t\t\t\t<\/div>\n\t\t\t\t<\/div>\n\t\t\t\t<div class=\"elementor-element elementor-element-09f1e16 elementor-widget elementor-widget-icon-box\" data-id=\"09f1e16\" data-element_type=\"widget\" data-e-type=\"widget\" data-widget_type=\"icon-box.default\">\n\t\t\t\t<div class=\"elementor-widget-container\">\n\t\t\t\t\t\t\t<div class=\"elementor-icon-box-wrapper\">\n\n\t\t\t\n\t\t\t\t\t\t<div class=\"elementor-icon-box-content\">\n\n\t\t\t\t\n\t\t\t\t\t\t\t\t\t<p class=\"elementor-icon-box-description\">\n\t\t\t\t\t\tReduzieren Sie die Kohlenstoffbelastung unserer Produkte und f\u00f6rdern Sie Nachr\u00fcstungen, um die Lebensdauer von W\u00e4rmekraftwerken zu verl\u00e4ngern.\t\t\t\t\t<\/p>\n\t\t\t\t\n\t\t\t<\/div>\n\t\t\t\n\t\t<\/div>\n\t\t\t\t\t\t<\/div>\n\t\t\t\t<\/div>\n\t\t\t\t\t<\/div>\n\t\t<\/div>\n\t\t\t\t<div class=\"aux-parallax-section elementor-column elementor-col-20 elementor-inner-column elementor-element elementor-element-6d215ae\" data-id=\"6d215ae\" data-element_type=\"column\" data-e-type=\"column\">\n\t\t\t<div class=\"elementor-widget-wrap elementor-element-populated\">\n\t\t\t\t\t\t<div class=\"elementor-element elementor-element-d340457 elementor-widget elementor-widget-image\" data-id=\"d340457\" data-element_type=\"widget\" data-e-type=\"widget\" data-widget_type=\"image.default\">\n\t\t\t\t<div class=\"elementor-widget-container\">\n\t\t\t\t\t\t\t\t\t\t\t\t\t\t\t<img loading=\"lazy\" decoding=\"async\" width=\"128\" height=\"128\" src=\"https:\/\/www.lerouxlotz.com\/wp-content\/uploads\/2023\/08\/groupe.png\" class=\"attachment-large size-large wp-image-27078\" alt=\"\" \/>\t\t\t\t\t\t\t\t\t\t\t\t\t\t\t<\/div>\n\t\t\t\t<\/div>\n\t\t\t\t<div class=\"elementor-element elementor-element-7d907ba elementor-widget elementor-widget-icon-box\" data-id=\"7d907ba\" data-element_type=\"widget\" data-e-type=\"widget\" data-widget_type=\"icon-box.default\">\n\t\t\t\t<div class=\"elementor-widget-container\">\n\t\t\t\t\t\t\t<div class=\"elementor-icon-box-wrapper\">\n\n\t\t\t\n\t\t\t\t\t\t<div class=\"elementor-icon-box-content\">\n\n\t\t\t\t\n\t\t\t\t\t\t\t\t\t<p class=\"elementor-icon-box-description\">\n\t\t\t\t\t\tWir unterst\u00fctzen unsere Mitarbeiter bestm\u00f6glich, indem wir ihre Gesundheit und Sicherheit gew\u00e4hrleisten und ihnen unabh\u00e4ngig von ihrem Profil die gleichen Entwicklungschancen sowie eine gute Vereinbarkeit von Berufs- und Privatleben bieten.\t\t\t\t\t<\/p>\n\t\t\t\t\n\t\t\t<\/div>\n\t\t\t\n\t\t<\/div>\n\t\t\t\t\t\t<\/div>\n\t\t\t\t<\/div>\n\t\t\t\t\t<\/div>\n\t\t<\/div>\n\t\t\t\t\t<\/div>\n\t\t<\/section>\n\t\t\t\t\t<\/div>\n\t\t<\/div>\n\t\t\t\t\t<\/div>\n\t\t<\/section>\n\t\t\t\t<\/div>\n\t\t","protected":false},"excerpt":{"rendered":"<p>Vision Unsere Engagements Beteiligen Sie sich an Projekten, die zur Entwicklung der Kreislaufwirtschaft beitragen Investieren Sie in die Technologien der Zukunft und sorgen Sie f\u00fcr eine hervorragende Forschung und Entwicklung Nehmen Sie nicht an einem Projekt teil, das den Herausforderungen der Reduzierung von CO2-Emissionen oder der Nutzung fossiler Brennstoffe nicht gerecht wird. Reduzieren Sie die [&hellip;]<\/p>\n","protected":false},"author":1,"featured_media":0,"parent":27011,"menu_order":0,"comment_status":"closed","ping_status":"closed","template":"","meta":{"footnotes":""},"class_list":["post-27089","page","type-page","status-publish","hentry"],"yoast_head":"<!-- This site is optimized with the Yoast SEO plugin v27.5 - https:\/\/yoast.com\/product\/yoast-seo-wordpress\/ -->\n<title>Unsere Engagements - Leroux &amp; Lotz<\/title>\n<meta name=\"robots\" content=\"index, follow, max-snippet:-1, max-image-preview:large, max-video-preview:-1\" \/>\n<link rel=\"canonical\" href=\"https:\/\/www.lerouxlotz.com\/de\/vision\/unsere-engagements\/\" \/>\n<meta property=\"og:locale\" content=\"de_DE\" \/>\n<meta property=\"og:type\" content=\"article\" \/>\n<meta property=\"og:title\" content=\"Unsere Engagements - Leroux &amp; Lotz\" \/>\n<meta property=\"og:description\" content=\"Vision Unsere Engagements Beteiligen Sie sich an Projekten, die zur Entwicklung der Kreislaufwirtschaft beitragen Investieren Sie in die Technologien der Zukunft und sorgen Sie f\u00fcr eine hervorragende Forschung und Entwicklung Nehmen Sie nicht an einem Projekt teil, das den Herausforderungen der Reduzierung von CO2-Emissionen oder der Nutzung fossiler Brennstoffe nicht gerecht wird. Reduzieren Sie die [&hellip;]\" \/>\n<meta property=\"og:url\" content=\"https:\/\/www.lerouxlotz.com\/de\/vision\/unsere-engagements\/\" \/>\n<meta property=\"og:site_name\" content=\"Leroux &amp; Lotz\" \/>\n<meta property=\"article:modified_time\" content=\"2023-08-22T09:17:47+00:00\" \/>\n<meta property=\"og:image\" content=\"https:\/\/www.lerouxlotz.com\/wp-content\/uploads\/2023\/08\/recycler.png\" \/>\n<meta name=\"twitter:card\" content=\"summary_large_image\" \/>\n<meta name=\"twitter:label1\" content=\"Gesch\u00e4tzte Lesezeit\" \/>\n\t<meta name=\"twitter:data1\" content=\"2\u00a0Minuten\" \/>\n<script type=\"application\/ld+json\" class=\"yoast-schema-graph\">{\"@context\":\"https:\\\/\\\/schema.org\",\"@graph\":[{\"@type\":\"WebPage\",\"@id\":\"https:\\\/\\\/www.lerouxlotz.com\\\/de\\\/vision\\\/unsere-engagements\\\/\",\"url\":\"https:\\\/\\\/www.lerouxlotz.com\\\/de\\\/vision\\\/unsere-engagements\\\/\",\"name\":\"Unsere Engagements - Leroux &amp; Lotz\",\"isPartOf\":{\"@id\":\"https:\\\/\\\/www.lerouxlotz.com\\\/#website\"},\"primaryImageOfPage\":{\"@id\":\"https:\\\/\\\/www.lerouxlotz.com\\\/de\\\/vision\\\/unsere-engagements\\\/#primaryimage\"},\"image\":{\"@id\":\"https:\\\/\\\/www.lerouxlotz.com\\\/de\\\/vision\\\/unsere-engagements\\\/#primaryimage\"},\"thumbnailUrl\":\"https:\\\/\\\/www.lerouxlotz.com\\\/wp-content\\\/uploads\\\/2023\\\/08\\\/recycler.png\",\"datePublished\":\"2023-08-22T09:08:49+00:00\",\"dateModified\":\"2023-08-22T09:17:47+00:00\",\"breadcrumb\":{\"@id\":\"https:\\\/\\\/www.lerouxlotz.com\\\/de\\\/vision\\\/unsere-engagements\\\/#breadcrumb\"},\"inLanguage\":\"de\",\"potentialAction\":[{\"@type\":\"ReadAction\",\"target\":[\"https:\\\/\\\/www.lerouxlotz.com\\\/de\\\/vision\\\/unsere-engagements\\\/\"]}]},{\"@type\":\"ImageObject\",\"inLanguage\":\"de\",\"@id\":\"https:\\\/\\\/www.lerouxlotz.com\\\/de\\\/vision\\\/unsere-engagements\\\/#primaryimage\",\"url\":\"https:\\\/\\\/www.lerouxlotz.com\\\/wp-content\\\/uploads\\\/2023\\\/08\\\/recycler.png\",\"contentUrl\":\"https:\\\/\\\/www.lerouxlotz.com\\\/wp-content\\\/uploads\\\/2023\\\/08\\\/recycler.png\"},{\"@type\":\"BreadcrumbList\",\"@id\":\"https:\\\/\\\/www.lerouxlotz.com\\\/de\\\/vision\\\/unsere-engagements\\\/#breadcrumb\",\"itemListElement\":[{\"@type\":\"ListItem\",\"position\":1,\"name\":\"Startseite\",\"item\":\"https:\\\/\\\/www.lerouxlotz.com\\\/\"},{\"@type\":\"ListItem\",\"position\":2,\"name\":\"Vision\",\"item\":\"https:\\\/\\\/www.lerouxlotz.com\\\/de\\\/vision\\\/\"},{\"@type\":\"ListItem\",\"position\":3,\"name\":\"Unsere Engagements\"}]},{\"@type\":\"WebSite\",\"@id\":\"https:\\\/\\\/www.lerouxlotz.com\\\/#website\",\"url\":\"https:\\\/\\\/www.lerouxlotz.com\\\/\",\"name\":\"Leroux &amp; Lotz\",\"description\":\"Creating Energy Solutions For The Future\",\"publisher\":{\"@id\":\"https:\\\/\\\/www.lerouxlotz.com\\\/#organization\"},\"potentialAction\":[{\"@type\":\"SearchAction\",\"target\":{\"@type\":\"EntryPoint\",\"urlTemplate\":\"https:\\\/\\\/www.lerouxlotz.com\\\/?s={search_term_string}\"},\"query-input\":{\"@type\":\"PropertyValueSpecification\",\"valueRequired\":true,\"valueName\":\"search_term_string\"}}],\"inLanguage\":\"de\"},{\"@type\":\"Organization\",\"@id\":\"https:\\\/\\\/www.lerouxlotz.com\\\/#organization\",\"name\":\"Leroux &amp; Lotz\",\"url\":\"https:\\\/\\\/www.lerouxlotz.com\\\/\",\"logo\":{\"@type\":\"ImageObject\",\"inLanguage\":\"de\",\"@id\":\"https:\\\/\\\/www.lerouxlotz.com\\\/#\\\/schema\\\/logo\\\/image\\\/\",\"url\":\"https:\\\/\\\/www.lerouxlotz.com\\\/wp-content\\\/uploads\\\/2026\\\/03\\\/Logo-LLT-blanc-fond-transparent.png\",\"contentUrl\":\"https:\\\/\\\/www.lerouxlotz.com\\\/wp-content\\\/uploads\\\/2026\\\/03\\\/Logo-LLT-blanc-fond-transparent.png\",\"width\":1513,\"height\":1432,\"caption\":\"Leroux &amp; Lotz\"},\"image\":{\"@id\":\"https:\\\/\\\/www.lerouxlotz.com\\\/#\\\/schema\\\/logo\\\/image\\\/\"}}]}<\/script>\n<!-- \/ Yoast SEO plugin. -->","yoast_head_json":{"title":"Unsere Engagements - Leroux &amp; Lotz","robots":{"index":"index","follow":"follow","max-snippet":"max-snippet:-1","max-image-preview":"max-image-preview:large","max-video-preview":"max-video-preview:-1"},"canonical":"https:\/\/www.lerouxlotz.com\/de\/vision\/unsere-engagements\/","og_locale":"de_DE","og_type":"article","og_title":"Unsere Engagements - Leroux &amp; Lotz","og_description":"Vision Unsere Engagements Beteiligen Sie sich an Projekten, die zur Entwicklung der Kreislaufwirtschaft beitragen Investieren Sie in die Technologien der Zukunft und sorgen Sie f\u00fcr eine hervorragende Forschung und Entwicklung Nehmen Sie nicht an einem Projekt teil, das den Herausforderungen der Reduzierung von CO2-Emissionen oder der Nutzung fossiler Brennstoffe nicht gerecht wird. Reduzieren Sie die [&hellip;]","og_url":"https:\/\/www.lerouxlotz.com\/de\/vision\/unsere-engagements\/","og_site_name":"Leroux &amp; Lotz","article_modified_time":"2023-08-22T09:17:47+00:00","og_image":[{"url":"https:\/\/www.lerouxlotz.com\/wp-content\/uploads\/2023\/08\/recycler.png","type":"","width":"","height":""}],"twitter_card":"summary_large_image","twitter_misc":{"Gesch\u00e4tzte Lesezeit":"2\u00a0Minuten"},"schema":{"@context":"https:\/\/schema.org","@graph":[{"@type":"WebPage","@id":"https:\/\/www.lerouxlotz.com\/de\/vision\/unsere-engagements\/","url":"https:\/\/www.lerouxlotz.com\/de\/vision\/unsere-engagements\/","name":"Unsere Engagements - Leroux &amp; Lotz","isPartOf":{"@id":"https:\/\/www.lerouxlotz.com\/#website"},"primaryImageOfPage":{"@id":"https:\/\/www.lerouxlotz.com\/de\/vision\/unsere-engagements\/#primaryimage"},"image":{"@id":"https:\/\/www.lerouxlotz.com\/de\/vision\/unsere-engagements\/#primaryimage"},"thumbnailUrl":"https:\/\/www.lerouxlotz.com\/wp-content\/uploads\/2023\/08\/recycler.png","datePublished":"2023-08-22T09:08:49+00:00","dateModified":"2023-08-22T09:17:47+00:00","breadcrumb":{"@id":"https:\/\/www.lerouxlotz.com\/de\/vision\/unsere-engagements\/#breadcrumb"},"inLanguage":"de","potentialAction":[{"@type":"ReadAction","target":["https:\/\/www.lerouxlotz.com\/de\/vision\/unsere-engagements\/"]}]},{"@type":"ImageObject","inLanguage":"de","@id":"https:\/\/www.lerouxlotz.com\/de\/vision\/unsere-engagements\/#primaryimage","url":"https:\/\/www.lerouxlotz.com\/wp-content\/uploads\/2023\/08\/recycler.png","contentUrl":"https:\/\/www.lerouxlotz.com\/wp-content\/uploads\/2023\/08\/recycler.png"},{"@type":"BreadcrumbList","@id":"https:\/\/www.lerouxlotz.com\/de\/vision\/unsere-engagements\/#breadcrumb","itemListElement":[{"@type":"ListItem","position":1,"name":"Startseite","item":"https:\/\/www.lerouxlotz.com\/"},{"@type":"ListItem","position":2,"name":"Vision","item":"https:\/\/www.lerouxlotz.com\/de\/vision\/"},{"@type":"ListItem","position":3,"name":"Unsere Engagements"}]},{"@type":"WebSite","@id":"https:\/\/www.lerouxlotz.com\/#website","url":"https:\/\/www.lerouxlotz.com\/","name":"Leroux &amp; Lotz","description":"Creating Energy Solutions For The Future","publisher":{"@id":"https:\/\/www.lerouxlotz.com\/#organization"},"potentialAction":[{"@type":"SearchAction","target":{"@type":"EntryPoint","urlTemplate":"https:\/\/www.lerouxlotz.com\/?s={search_term_string}"},"query-input":{"@type":"PropertyValueSpecification","valueRequired":true,"valueName":"search_term_string"}}],"inLanguage":"de"},{"@type":"Organization","@id":"https:\/\/www.lerouxlotz.com\/#organization","name":"Leroux &amp; Lotz","url":"https:\/\/www.lerouxlotz.com\/","logo":{"@type":"ImageObject","inLanguage":"de","@id":"https:\/\/www.lerouxlotz.com\/#\/schema\/logo\/image\/","url":"https:\/\/www.lerouxlotz.com\/wp-content\/uploads\/2026\/03\/Logo-LLT-blanc-fond-transparent.png","contentUrl":"https:\/\/www.lerouxlotz.com\/wp-content\/uploads\/2026\/03\/Logo-LLT-blanc-fond-transparent.png","width":1513,"height":1432,"caption":"Leroux &amp; Lotz"},"image":{"@id":"https:\/\/www.lerouxlotz.com\/#\/schema\/logo\/image\/"}}]}},"_links":{"self":[{"href":"https:\/\/www.lerouxlotz.com\/de\/wp-json\/wp\/v2\/pages\/27089","targetHints":{"allow":["GET"]}}],"collection":[{"href":"https:\/\/www.lerouxlotz.com\/de\/wp-json\/wp\/v2\/pages"}],"about":[{"href":"https:\/\/www.lerouxlotz.com\/de\/wp-json\/wp\/v2\/types\/page"}],"author":[{"embeddable":true,"href":"https:\/\/www.lerouxlotz.com\/de\/wp-json\/wp\/v2\/users\/1"}],"replies":[{"embeddable":true,"href":"https:\/\/www.lerouxlotz.com\/de\/wp-json\/wp\/v2\/comments?post=27089"}],"version-history":[{"count":7,"href":"https:\/\/www.lerouxlotz.com\/de\/wp-json\/wp\/v2\/pages\/27089\/revisions"}],"predecessor-version":[{"id":27100,"href":"https:\/\/www.lerouxlotz.com\/de\/wp-json\/wp\/v2\/pages\/27089\/revisions\/27100"}],"up":[{"embeddable":true,"href":"https:\/\/www.lerouxlotz.com\/de\/wp-json\/wp\/v2\/pages\/27011"}],"wp:attachment":[{"href":"https:\/\/www.lerouxlotz.com\/de\/wp-json\/wp\/v2\/media?parent=27089"}],"curies":[{"name":"wp","href":"https:\/\/api.w.org\/{rel}","templated":true}]}}